{"id":4451,"date":"2023-11-21T17:49:29","date_gmt":"2023-11-21T16:49:29","guid":{"rendered":"https:\/\/www.czbsfm.cz\/?page_id=4451"},"modified":"2023-12-09T20:54:52","modified_gmt":"2023-12-09T19:54:52","slug":"vyznani-viry","status":"publish","type":"page","link":"https:\/\/www.czbsfm.cz\/?page_id=4451","title":{"rendered":"Vyzn\u00e1n\u00ed v\u00edry"},"content":{"rendered":"\t\t<div data-elementor-type=\"wp-page\" data-elementor-id=\"4451\" class=\"elementor elementor-4451\">\n\t\t\t\t\t\t\t<div class=\"elementor-element elementor-element-e8980fe e-con-full e-flex e-con e-parent\" data-id=\"e8980fe\" data-element_type=\"container\" data-settings=\"{&quot;content_width&quot;:&quot;full&quot;}\" data-core-v316-plus=\"true\">\n\t\t\t\t<div class=\"elementor-element elementor-element-be460fe elementor-widget elementor-widget-axtra_hero_title\" data-id=\"be460fe\" data-element_type=\"widget\" data-widget_type=\"axtra_hero_title.default\">\n\t\t\t\t<div class=\"elementor-widget-container\">\n\t\t\t    \r\n        <div class=\"sec-title-wrapper te-hero-title text-anim\">\r\n\t\t\t<div class=\"sec-sub-title title-anim\"><\/div>            <h3 class=\"sec-title title-anim axtra-size-default\">Vyzn\u00e1n\u00ed v\u00edry\n<br \/><br \/><\/h3>            <p>&nbsp;\n<ol>\n \t<li><span style=\"font-weight: 400\"><span style=\"font-weight: 400\">V\u011b\u0159\u00edme, \u017ee je jeden v\u011b\u010dn\u00fd B\u016fh, kter\u00fd existuje ve t\u0159ech osob\u00e1ch: Otec, Syn a Duch svat\u00fd. Tyto t\u0159i osoby maj\u00ed tut\u00e9\u017e bo\u017eskou dokonalost a podstatu (v\u0161ev\u011bdouc\u00ed, v\u0161emohouc\u00ed, v\u0161udyp\u0159\u00edtomn\u00fd), vlastnosti (\u017eiv\u00fd, svat\u00fd, spravedliv\u00fd, dobr\u00fd, milosrdn\u00fd, miluj\u00edc\u00ed, v\u011brn\u00fd\u2026). Jsou si rovn\u00e9, av\u0161ak li\u0161\u00ed se ve sv\u00e9 funkci. V\u011b\u0159\u00edme, \u017ee B\u016fh je tent\u00fd\u017e v\u010dera, dnes i nav\u011bky (nem\u011bnn\u00fd).<\/span><\/span><\/li> <br \/>\n \t<li><span style=\"font-weight: 400\"><span style=\"font-weight: 400\">V\u011b\u0159\u00edme, \u017ee Bible (Star\u00e1 a Nov\u00e1 smlouva) je jedin\u00e9, Duchem svat\u00fdm inspirovan\u00e9, pravdiv\u00e9, bezchybn\u00e9 a autoritativn\u00ed Bo\u017e\u00ed slovo, skrze kter\u00e9 se n\u00e1m B\u016fh d\u00e1v\u00e1 poznat a zjevuje n\u00e1m pravdu. U\u010den\u00ed a autorita Bible jsou absolutn\u00ed, svrchovan\u00e9 a maj\u00ed kone\u010dnou platnost v ot\u00e1zk\u00e1ch v\u00edry a \u017eivota. V u\u010den\u00ed je pro n\u00e1s rozhoduj\u00edc\u00ed Nov\u00e1 smlouva.<\/span><\/span><\/li><br \/>\n \t<li>V\u011b\u0159\u00edme, \u017ee \u010dlov\u011bk jako vrchol Bo\u017e\u00edho stvo\u0159en\u00ed byl stvo\u0159en podle Bo\u017e\u00edho obrazu a Bo\u017e\u00ed podoby. Byl stvo\u0159en jako milovan\u00e1, dokonal\u00e1, svobodn\u00e1 bytost, ur\u010den\u00e1 k panov\u00e1n\u00ed na zemi, s pr\u00e1vem rozhodovat o sv\u00e9m \u017eivot\u011b. \u010clov\u011bk \u017eil s Bohem a znal Jeho srdce. Pod vlivem \u010f\u00e1blov\u00fdch l\u017e\u00ed se v\u0161ak rozhodl neposlechnout Stvo\u0159itele (tj. pominout Bo\u017e\u00ed v\u016fli) a poddal se tak \u010f\u00e1blu (padl\u00e9mu and\u011blovi, otci l\u017ei, nen\u00e1visti a strachu). V d\u016fsledku tohoto h\u0159\u00edchu vstoupila do sv\u011bta duchovn\u00ed smrt, co\u017e zp\u016fsobilo odd\u011blen\u00ed \u010dlov\u011bka od Boha. N\u00e1sledkem duchovn\u00ed smrti je posl\u00e9ze i smrt fyzick\u00e1, co\u017e je odd\u011blen\u00ed ducha a du\u0161e \u010dlov\u011bka od t\u011bla. \u010clov\u011bk ztratil duchovn\u00ed \u017eivot \u2013 propadl smrti: duchovn\u011b zem\u0159el a dostal se pod satanovu moc. P\u00e1dem prvn\u00edho \u010dlov\u011bka do\u0161lo k poru\u0161en\u00ed cel\u00e9ho lidstva.<\/li><br \/>\n \t<li>V\u011b\u0159\u00edme, \u017ee B\u016fh nep\u0159estal milovat \u010dlov\u011bka nepodm\u00edn\u011bnou l\u00e1skou a \u017ee m\u011bl p\u0159edem p\u0159ipraven\u00fd pl\u00e1n z\u00e1chrany \u2013 krevn\u00ed smlouvu. Tento pl\u00e1n spasen\u00ed byl napln\u011bn v Je\u017e\u00ed\u0161i Kristu \u2013 v\u011b\u0159\u00edme v Jeho pln\u00e9 Bo\u017estv\u00ed (byl s Otcem a Duchem svat\u00fdm od v\u011bk\u016f v nebi) a z\u00e1rove\u0148 dokonal\u00e9 lidstv\u00ed (vzal na sebe lidsk\u00e9 t\u011blo, kdy\u017e byl po\u010dat Duchem svat\u00fdm a narodil se z Marie panny). V\u011b\u0159\u00edme v Jeho svat\u00fd a \u010dist\u00fd \u017eivot a v z\u00e1zraky, kter\u00e9 d\u011blal. V\u011b\u0159\u00edme, \u017ee z\u00e1stupn\u011b zem\u0159el jako ob\u011b\u0165 sm\u00ed\u0159en\u00ed za h\u0159\u00edchy cel\u00e9ho sv\u011bta, kdy\u017e na sebe vzal n\u00e1\u0161 h\u0159\u00edch, na\u0161e proklet\u00ed, na\u0161i chudobu, na\u0161e nemoci... V\u011b\u0159\u00edme, \u017ee a\u010dkoliv s\u00e1m byl spravedliv\u00fd, pro n\u00e1\u0161 h\u0159\u00edch zakusil odd\u011blen\u00ed od Otce. V\u011b\u0159\u00edme, \u017ee Jeho ob\u011b\u0165 byla naprosto dostate\u010dn\u00e1 \u2013 dokonal\u00e1. V\u016fbec nic nem\u016f\u017ee nav\u00fd\u0161it hodnotu vz\u00e1cn\u00e9 Kristovy krve \u010di n\u011bco p\u0159idat k Jeho k d\u00edlu, kter\u00e9 pro n\u00e1s vykonal, kdy\u017e za v\u0161echny lidi zem\u0159el na k\u0159\u00ed\u017ei. V\u011b\u0159\u00edme, \u017ee po t\u0159ech dnech byl vzk\u0159\u00ed\u0161en, ve sv\u00e9m oslaven\u00e9m t\u011ble vstal z mrtv\u00fdch, vystoupil na nebesa a sed\u00ed na pravici Bo\u017e\u00ed jako nejvy\u0161\u0161\u00ed kn\u011bz a p\u0159\u00edmluvce v\u011b\u0159\u00edc\u00edch. On je hlavou C\u00edrkve, kter\u00e1 je Jeho T\u011blo. Je\u017e\u00ed\u0161 \u017eije a znovu se vr\u00e1t\u00ed v moci a sl\u00e1v\u011b.<\/li><br \/>\n \t<li>V\u011b\u0159\u00edme, \u017ee B\u016fh tak miluje sv\u011bt, \u017ee dal Je\u017e\u00ed\u0161e, aby \u017e\u00e1dn\u00fd, kdo v N\u011bho v\u011b\u0159\u00ed, nezahynul, ale m\u011bl v\u011b\u010dn\u00fd \u017eivot. B\u016fh neposlal Je\u017e\u00ed\u0161e na sv\u011bt, aby sv\u011bt odsoudil, ale aby sv\u011bt byl skrze N\u011bho zachr\u00e1n\u011bn. V\u011b\u0159\u00edme, \u017ee n\u00e1sledkem h\u0159\u00edchu je smrt, ale darem Bo\u017e\u00ed milosti je v\u011b\u010dn\u00fd \u017eivot v Je\u017e\u00ed\u0161i Kristu, na\u0161em P\u00e1nu. Jsme zachr\u00e1n\u011bni milost\u00ed skrze v\u00edru, a tato z\u00e1chrana nen\u00ed z n\u00e1s, nen\u00ed na z\u00e1klad\u011b na\u0161ich skutk\u016f, je to Bo\u017e\u00ed dar. My se d\u00edky Bohem darovan\u00e9 svobodn\u00e9 v\u016fli m\u016f\u017eeme k Bohu obr\u00e1tit a p\u0159ijmout v\u00edrou tuto milost: Kdo vyzn\u00e1 sv\u00fdmi \u00fasty Je\u017e\u00ed\u0161e jako sv\u00e9ho Spasitele a P\u00e1na a uv\u011b\u0159\u00ed v srdci, \u017ee Je\u017e\u00ed\u0161e B\u016fh vzk\u0159\u00edsil z mrtv\u00fdch, bude zachr\u00e1n\u011bn, pro svou v\u00edru ospravedln\u011bn p\u0159ed Bohem, duchovn\u011b vytr\u017een z moci temnoty a p\u0159iveden do kr\u00e1lovstv\u00ed Je\u017e\u00ed\u0161e Krista. V\u011b\u0159\u00edme, \u017ee je-li kdo v Kristu, je nov\u00e9 stvo\u0159en\u00ed. Jsme duchovn\u011b \u201eznovuzrozeni\u201c do Bo\u017e\u00ed rodiny a st\u00e1v\u00e1me se tak spolud\u011bdici Bo\u017e\u00edch zasl\u00edben\u00ed; na potvrzen\u00ed znovuzrozen\u00ed n\u00e1sleduje pono\u0159en\u00ed do vody (baptisma \u2013 k\u0159est). Pono\u0159en\u00ed do vody je vn\u011bj\u0161\u00edm vyj\u00e1d\u0159en\u00edm sjednocen\u00ed k\u0159es\u0165ana se smrt\u00ed, poh\u0159bem a vzk\u0159\u00ed\u0161en\u00edm Je\u017e\u00ed\u0161e Krista.<\/li><br \/>\n \t<li>V\u011b\u0159\u00edme v osobu a Bo\u017estv\u00ed Ducha svat\u00e9ho. V\u011b\u0159\u00edme, \u017ee Otec poslal Ducha svat\u00e9ho tak, jak zasl\u00edbil. V\u011b\u0159\u00edme v moc Ducha svat\u00e9ho. Jen v N\u011bm je mo\u017en\u00e9 prav\u00e9 uct\u00edv\u00e1n\u00ed Boha. Duch svat\u00fd n\u00e1s vyu\u010duje, vede, uv\u00e1d\u00ed n\u00e1s do ve\u0161ker\u00e9 pravdy, p\u0159ipom\u00edn\u00e1 a vykl\u00e1d\u00e1 n\u00e1m Bo\u017e\u00ed slovo, zjevuje n\u00e1m budouc\u00ed v\u011bci, pom\u00e1h\u00e1 n\u00e1m na modlitb\u00e1ch, je v\u017edy p\u0159ipraven vyd\u00e1vat sv\u011bdectv\u00ed o Kristu. P\u016fsob\u00ed v n\u00e1s, abychom byli zam\u011b\u0159eni na Krista, a ne na sebe a sv\u00e9 zku\u0161enosti. Od doby Letnic, kdy byli napln\u011bni Duchem svat\u00fdm v\u0161ichni shrom\u00e1\u017ed\u011bn\u00ed v horn\u00ed m\u00edstnosti, m\u00e1 ka\u017ed\u00fd znovuzrozen\u00fd v\u011b\u0159\u00edc\u00ed p\u0159ijmout dar Ducha svat\u00e9ho; Duch svat\u00fd se chce projevovat r\u016fzn\u00fdmi zp\u016fsoby skrze ka\u017ed\u00e9ho k\u0159es\u0165ana. V\u011b\u0159\u00edme v mluven\u00ed v jin\u00fdch jazyc\u00edch a v dal\u0161\u00ed v P\u00edsmu uveden\u00e9 projevy (dary) Ducha svat\u00e9ho. V\u011b\u0159\u00edme, \u017ee v duchu znovuzrozen\u00e9ho \u010dlov\u011bka nem\u016f\u017ee b\u00fdt \u017e\u00e1dn\u00fd d\u00e9mon.<\/li><br \/>\n \t<li>V\u011b\u0159\u00edme, \u017ee C\u00edrkev je T\u011blo Kristovo, kter\u00e9 tvo\u0159\u00ed ti, kdo se znovu narodili v Kristu. V\u011b\u0159\u00edme, \u017ee C\u00edrkev m\u00e1 posl\u00e1n\u00ed j\u00edt do cel\u00e9ho sv\u011bta a hl\u00e1sat evangelium, k\u0159t\u00edt a u\u010dit ty, kdo uv\u011b\u0159\u00ed. Znamen\u00e1 to zv\u011bstovat v\u0161em lidem sm\u00ed\u0159en\u00ed s Bohem Otcem skrze Je\u017e\u00ed\u0161e Krista a nechat se Duchem svat\u00fdm v\u00e9st, aby skrze C\u00edrkev byl rozpozn\u00e1n Kristus. V\u011b\u0159\u00edme v duchovn\u00ed jednotu v\u011b\u0159\u00edc\u00edch v Je\u017e\u00ed\u0161i. V\u011b\u0159\u00edme, \u017ee jsme sou\u010d\u00e1st\u00ed celosv\u011btov\u00e9 C\u00edrkve Kristovy, v n\u00ed\u017e m\u00e1 ka\u017ed\u00e9 spole\u010denstv\u00ed sv\u00e9 m\u00edsto a sv\u016fj \u00fakol. Jsme \u00fady Kristova T\u011bla, vz\u00e1jemn\u011b se dopl\u0148ujeme. Zachov\u00e1v\u00e1me mezi sebou jednotu Ducha ve svazku pokoje, povzn\u00e1\u0161\u00edme se nad v\u0161echny sekt\u00e1\u0159sk\u00e9 p\u0159edsudky a denomina\u010dn\u00ed \u00fazkoprsost. Nevn\u00edm\u00e1me jin\u00e9 jako konkurenci, ale jako spolupracovn\u00edky na P\u00e1nov\u011b d\u00edle.<\/li><br \/>\n \t<li>V\u011b\u0159\u00edme, \u017ee z\u00e1kladem \u017eivota znovuzrozen\u00e9ho \u010dlov\u011bka je vztah s trojjedin\u00fdm Bohem. V\u011b\u0159\u00edme, \u017ee B\u016fh n\u00e1s vid\u00ed jako svoje d\u011bti, partnery smlouvy, spolupracovn\u00edky. V\u011b\u0159\u00edme, \u017ee Duch svat\u00fd n\u00e1s vede k pozn\u00e1n\u00ed Boha Otce skrze Je\u017e\u00ed\u0161e Krista. Pozn\u00e1v\u00e1n\u00ed Boha a prohlubov\u00e1n\u00ed vztahu s N\u00edm znamen\u00e1 m\u00edt v\u011b\u010dn\u00fd \u017eivot \u2013 zcela novou kvalitu lidsk\u00e9ho \u017eivota. Vztah s Bohem budujeme skrze v\u00edru v Jeho Slovo, modlitbu, chv\u00e1ly, uct\u00edv\u00e1n\u00ed a obecenstv\u00ed c\u00edrkve. Pozn\u00e1n\u00ed Bo\u017e\u00ed dobroty n\u00e1s p\u0159iv\u00e1d\u00ed na m\u00edsto st\u00e1le rostouc\u00ed d\u016fv\u011bry a vyd\u00e1n\u00ed se Bo\u017e\u00edm pl\u00e1n\u016fm, motivuje n\u00e1s k posv\u011bcen\u00e9mu \u017eivotu. V\u011b\u0159\u00edme, \u017ee z tohoto hlubok\u00e9ho vztahu plyne moudrost a rozpozn\u00e1n\u00ed, kter\u00e9 chr\u00e1n\u00ed p\u0159ed z\u00e1konictv\u00edm a fale\u0161n\u00fdm u\u010den\u00edm.<\/li><br \/>\n \t<li>V\u011b\u0159\u00edme, \u017ee Je\u017e\u00ed\u0161 Kristus p\u0159ijde pro svou C\u00edrkev a v\u0161ichni, kdo jsou Jeho, budou nav\u017edy s N\u00edm. Toto v\u011bdom\u00ed n\u00e1m p\u0159in\u00e1\u0161\u00ed nad\u011bji a radost. V\u011b\u0159\u00edme ve vzk\u0159\u00ed\u0161en\u00ed a v\u011b\u010dn\u00fd \u017eivot v Jeho sl\u00e1v\u011b.<\/li><br \/>\n \t<li><span>V\u011b\u0159\u00edme, \u017ee pouze v \u010dase, kter\u00fd n\u00e1m byl darov\u00e1n zde na Zemi, se rozhodujeme, kde str\u00e1v\u00edme v\u011b\u010dnost. V\u011b\u0159\u00edme, \u017ee ti, kte\u0159\u00ed v\u011bdom\u011b p\u0159ijali Je\u017e\u00ed\u0161e jako sv\u00e9ho Zachr\u00e1nce a u\u010dinili ho P\u00e1nem sv\u00e9ho \u017eivota, str\u00e1v\u00ed v\u011b\u010dnost s Bohem. Ti, kte\u0159\u00ed Ho nep\u0159ijali jako Spasitele a z\u016fstali v nev\u011b\u0159e a odm\u00edtnut\u00ed v\u016f\u010di Zachr\u00e1nci, str\u00e1v\u00ed v\u011b\u010dnost v odd\u011blen\u00ed od Boha ve v\u011b\u010dn\u00e9m tr\u00e1pen\u00ed.<\/span><\/li><br \/>\n<\/ol>\n<ol>\n \t<li style=\"list-style-type: none\"><\/li>\n<\/ol>\n&nbsp;\n<p style=\"text-align: center;font-size: 26px\"><span style=\"font-weight: 400\">Ka\u017ed\u00e9mu \u010dlov\u011bku B\u016fh \u0159\u00edk\u00e1: <\/span><i><span style=\"font-weight: 400\">P\u0159edlo\u017eil jsem ti \u017eivot i smrt\u2026 Rad\u00edm ti, vyber si \u017eivot.<\/span><\/i><\/p><\/p>        <\/div>\r\n        \r\n    \t\t<\/div>\n\t\t\t\t<\/div>\n\t\t\t\t<\/div>\n\t\t\t\t\t\t\t<\/div>\n\t\t","protected":false},"excerpt":{"rendered":"<p>Vyzn\u00e1n\u00ed v\u00edry &nbsp; V\u011b\u0159\u00edme, \u017ee je jeden v\u011b\u010dn\u00fd B\u016fh, kter\u00fd existuje ve t\u0159ech osob\u00e1ch: Otec, Syn a Duch svat\u00fd. Tyto t\u0159i osoby maj\u00ed tut\u00e9\u017e bo\u017eskou dokonalost a podstatu (v\u0161ev\u011bdouc\u00ed, v\u0161emohouc\u00ed, v\u0161udyp\u0159\u00edtomn\u00fd), vlastnosti (\u017eiv\u00fd, svat\u00fd, spravedliv\u00fd, dobr\u00fd, milosrdn\u00fd, miluj\u00edc\u00ed, v\u011brn\u00fd\u2026). Jsou si rovn\u00e9, av\u0161ak li\u0161\u00ed se ve sv\u00e9 funkci. V\u011b\u0159\u00edme, \u017ee B\u016fh je tent\u00fd\u017e v\u010dera, dnes [&hellip;]<\/p>\n","protected":false},"author":1,"featured_media":0,"parent":0,"menu_order":0,"comment_status":"closed","ping_status":"closed","template":"","meta":{"om_disable_all_campaigns":false,"_monsterinsights_skip_tracking":false,"_monsterinsights_sitenote_active":false,"_monsterinsights_sitenote_note":"","_monsterinsights_sitenote_category":0,"footnotes":""},"class_list":["post-4451","page","type-page","status-publish","hentry"],"aioseo_notices":[],"_links":{"self":[{"href":"https:\/\/www.czbsfm.cz\/index.php?rest_route=\/wp\/v2\/pages\/4451","targetHints":{"allow":["GET"]}}],"collection":[{"href":"https:\/\/www.czbsfm.cz\/index.php?rest_route=\/wp\/v2\/pages"}],"about":[{"href":"https:\/\/www.czbsfm.cz\/index.php?rest_route=\/wp\/v2\/types\/page"}],"author":[{"embeddable":true,"href":"https:\/\/www.czbsfm.cz\/index.php?rest_route=\/wp\/v2\/users\/1"}],"replies":[{"embeddable":true,"href":"https:\/\/www.czbsfm.cz\/index.php?rest_route=%2Fwp%2Fv2%2Fcomments&post=4451"}],"version-history":[{"count":37,"href":"https:\/\/www.czbsfm.cz\/index.php?rest_route=\/wp\/v2\/pages\/4451\/revisions"}],"predecessor-version":[{"id":4831,"href":"https:\/\/www.czbsfm.cz\/index.php?rest_route=\/wp\/v2\/pages\/4451\/revisions\/4831"}],"wp:attachment":[{"href":"https:\/\/www.czbsfm.cz\/index.php?rest_route=%2Fwp%2Fv2%2Fmedia&parent=4451"}],"curies":[{"name":"wp","href":"https:\/\/api.w.org\/{rel}","templated":true}]}}