{"id":3597,"date":"2022-12-08T08:10:33","date_gmt":"2022-12-08T07:10:33","guid":{"rendered":"https:\/\/axtra.wealcoder.com\/?page_id=17"},"modified":"2024-04-23T14:53:01","modified_gmt":"2024-04-23T12:53:01","slug":"o-nas","status":"publish","type":"page","link":"https:\/\/www.czbsfm.cz\/?page_id=3597","title":{"rendered":"O n\u00e1s"},"content":{"rendered":"\t\t<div data-elementor-type=\"wp-page\" data-elementor-id=\"3597\" class=\"elementor elementor-3597\">\n\t\t\t\t\t\t\t\t\t<section class=\"elementor-section elementor-top-section elementor-element elementor-element-bd2fa7a elementor-section-full_width elementor-section-height-default elementor-section-height-default\" data-id=\"bd2fa7a\" data-element_type=\"section\">\n\t\t\t\t\t\t<div class=\"elementor-container elementor-column-gap-default\">\n\t\t\t\t\t<div class=\"elementor-column elementor-col-100 elementor-top-column elementor-element elementor-element-351a8f4\" data-id=\"351a8f4\" data-element_type=\"column\">\n\t\t\t<div class=\"elementor-widget-wrap\">\n\t\t\t\t\t\t\t\t\t<\/div>\n\t\t<\/div>\n\t\t\t\t\t\t\t<\/div>\n\t\t<\/section>\n\t\t\t\t<section class=\"elementor-section elementor-top-section elementor-element elementor-element-2154c88 elementor-section-full_width elementor-section-height-default elementor-section-height-default\" data-id=\"2154c88\" data-element_type=\"section\" data-settings=\"{&quot;background_background&quot;:&quot;classic&quot;}\">\n\t\t\t\t\t\t<div class=\"elementor-container elementor-column-gap-default\">\n\t\t\t\t\t<div class=\"elementor-column elementor-col-100 elementor-top-column elementor-element elementor-element-ff84fc5\" data-id=\"ff84fc5\" data-element_type=\"column\">\n\t\t\t<div class=\"elementor-widget-wrap\">\n\t\t\t\t\t\t\t\t\t<\/div>\n\t\t<\/div>\n\t\t\t\t\t\t\t<\/div>\n\t\t<\/section>\n\t\t\t\t<section class=\"elementor-section elementor-top-section elementor-element elementor-element-2b42624 elementor-section-full_width elementor-section-height-default elementor-section-height-default\" data-id=\"2b42624\" data-element_type=\"section\">\n\t\t\t\t\t\t<div class=\"elementor-container elementor-column-gap-default\">\n\t\t\t\t\t<div class=\"elementor-column elementor-col-100 elementor-top-column elementor-element elementor-element-69a41be\" data-id=\"69a41be\" data-element_type=\"column\">\n\t\t\t<div class=\"elementor-widget-wrap elementor-element-populated\">\n\t\t\t\t\t\t\t\t<div class=\"elementor-element elementor-element-bef9b96 elementor-widget elementor-widget-axtra_our_eatures\" data-id=\"bef9b96\" data-element_type=\"widget\" data-widget_type=\"axtra_our_eatures.default\">\n\t\t\t\t<div class=\"elementor-widget-container\">\n\t\t\t\t\r\n        \r\n    <!-- Feature area start -->\r\n    <section class=\"feature__area-2 pt-130\">\r\n        <div class=\"feature__top\">\r\n            <div class=\"container\">\r\n                <div class=\"row\">\r\n                                        <div class=\"col-xxl-7 col-xl-7 col-lg-7 col-md-6\">\r\n                        <div class=\"sec-title-wrapper\">\r\n                        \t<h2 class=\"sec-title title-anim\">Na\u0161e hodnoty<\/h2>\r\n                        <\/div>\r\n                    <\/div>\r\n                                                            <div class=\"col-xxl-5 col-xl-5 col-lg-5 col-md-6\">\r\n                        <div class=\"feature__text text-anim\">\r\n                            <p>B\u016fh vlo\u017eil do na\u0161eho srdce vizi b\u00fdt stabiln\u00ed, p\u0159\u00e1telskou, mezin\u00e1rodn\u00ed c\u00edrkvi pro v\u0161echny generace. Spojujeme lidi s Bohem a lidi s lidmi. \n\nJe p\u011bt hodnot, kter\u00e9 maj\u00ed na\u0161i zvl\u00e1\u0161tn\u00ed pozornost:  <\/p>\r\n                        <\/div>\r\n                    <\/div>\r\n                                    <\/div>\r\n            <\/div>\r\n        <\/div>\r\n    \r\n        <div class=\"feature__btm\">\r\n            <div class=\"container\">\r\n                <div class=\"row\">\r\n                    <div class=\"col-xxl-12\">\r\n                        <div class=\"feature__list animation__feature2\">\r\n                                                        <div class=\"feature__item\">\r\n                                <img decoding=\"async\" src=\"https:\/\/www.czbsfm.cz\/wp-content\/uploads\/2023\/10\/prayer-e1697531927758.png\" alt=\"Feature Icon\">                                <h3 class=\"feature__title\">Modlitba<\/h3>\r\n                                <p>Sm\u011b\u0159ujeme k tomu, aby se modlitba a vd\u011b\u010dnost staly na\u0161\u00edm \u017eivotn\u00edm stylem a skrze n\u00e1s ovliv\u0148ovaly okol\u00ed.<\/p>\r\n                            <\/div>\r\n                                                        <div class=\"feature__item\">\r\n                                <img decoding=\"async\" src=\"https:\/\/www.czbsfm.cz\/wp-content\/uploads\/2023\/10\/The-Harvest-e1697531512732.png\" alt=\"Feature Icon\">                                <h3 class=\"feature__title\">\u017de\u0148<\/h3>\r\n                                <p>Vydanost pro Je\u017e\u00ed\u0161e je rozhodnut\u00ed d\u011blat v\u011bci pe\u010dliv\u011b a s nasazen\u00edm, a\u0165 u\u017e ve \u0161kole, v pr\u00e1ci i v \u017eivot\u011b. \n<\/p>\r\n                            <\/div>\r\n                                                        <div class=\"feature__item\">\r\n                                <img decoding=\"async\" src=\"https:\/\/www.czbsfm.cz\/wp-content\/uploads\/2023\/10\/leadership-e1697531537848.png\" alt=\"Feature Icon\">                                <h3 class=\"feature__title\">V\u016fdcovstv\u00ed<\/h3>\r\n                                <p>R\u016fst a osobn\u00ed rozvoj vn\u00edm\u00e1me jako moudrou investici do na\u0161\u00ed budoucnosti.<\/p>\r\n                            <\/div>\r\n                                                        <div class=\"feature__item\">\r\n                                <img decoding=\"async\" src=\"https:\/\/www.czbsfm.cz\/wp-content\/uploads\/2023\/10\/Biblical-Stewardship-e1697531687670.png\" alt=\"Feature Icon\">                                <h3 class=\"feature__title\">Spr\u00e1vcovstv\u00ed<\/h3>\r\n                                <p>Hodnota rodiny, tedy vztahu mezi mu\u017eem, \u017eenou a jejich d\u011btmi, je velmi vz\u00e1cn\u00e1. Proto investujeme do ka\u017ed\u00e9 generace, a\u0165 u\u017e to jsou d\u011bti, ml\u00e1de\u017e, rodiny nebo senio\u0159i.<\/p>\r\n                            <\/div>\r\n                                                        <div class=\"feature__item\">\r\n                                <img decoding=\"async\" src=\"https:\/\/www.czbsfm.cz\/wp-content\/uploads\/2023\/10\/Service-e1697531718250.png\" alt=\"Feature Icon\">                                <h3 class=\"feature__title\">Slu\u017eba<\/h3>\r\n                                <p>Atmosf\u00e9ra p\u0159\u00edjemn\u00e9ho prost\u0159ed\u00ed, harmonick\u00fdch vztah\u016f a v\u011bdom\u00ed, \u017ee jsem milov\u00e1n a tak\u00e9 miluji.<\/p>\r\n                            <\/div>\r\n                                                    <\/div>\r\n                    <\/div>\r\n                <\/div>\r\n            <\/div>\r\n        <\/div>\r\n    <\/section>\r\n    <!-- Feature area end -->\r\n\t  \r\n\t\t\t<\/div>\n\t\t\t\t<\/div>\n\t\t\t\t<div class=\"elementor-element elementor-element-c928468 elementor-widget elementor-widget-axtra_about_us_v2\" data-id=\"c928468\" data-element_type=\"widget\" data-widget_type=\"axtra_about_us_v2.default\">\n\t\t\t\t<div class=\"elementor-widget-container\">\n\t\t\t\t\r\n    \t\r\n    <!-- Hero area start -->\r\n    <section class=\"hero__about\">\r\n        <div class=\"container g-0 line\">\r\n        \t<span class=\"line-3\"><\/span>\r\n            <div class=\"row\">\r\n                <div class=\"col-xxl-12\">\r\n                    <div class=\"hero__about-content\">\r\n                        <h1 class=\"hero-title animation__word_come\">\u010cemu v\u011b\u0159\u00edme?<\/h1>                        <div class=\"hero__about-info\">\r\n                                                                                    <div class=\"hero__about-text title-anim\">\r\n                                <p>Cel\u00e1 Bible je inspirovan\u00e1 Bohem, je pln\u011b v\u011brohodn\u00e1 a je nejvy\u0161\u0161\u00ed a neomylnou autoritou ve v\u011bcech v\u00edry i z\u00e1sad \u017eivota. Je jeden v\u011b\u010dn\u011b existuj\u00edc\u00ed B\u016fh zjevuj\u00edc\u00ed se ve t\u0159ech osob\u00e1ch: Otec, Syn a Duch svat\u00fd.\n\nSpasen\u00ed je Bo\u017e\u00ed dar pro h\u0159\u00ed\u0161n\u00e9ho a ztracen\u00e9ho \u010dlov\u011bka. Bylo dosa\u017eeno prost\u0159ednictv\u00edm z\u00e1stupn\u00e9 smrti Je\u017e\u00ed\u0161e Krista na k\u0159\u00ed\u017ei a je k dispozici ka\u017ed\u00e9mu, kdo ho skrze v\u00edru p\u0159ijme, bez ohledu na skutky.\n\nK\u0159est ve vod\u011b pono\u0159en\u00edm p\u0159ik\u00e1zal P\u00e1n Je\u017e\u00ed\u0161 t\u011bm, kdo uv\u011b\u0159\u00ed evangeliu a vyznaj\u00ed svou v\u00edru v N\u011bho. K\u0159est v Duchu svat\u00e9m je samostatn\u00e1 ud\u00e1lost li\u0161\u00edc\u00ed se od nov\u00e9ho narozen\u00ed - jde o dar, kter\u00fd nab\u00edz\u00ed P\u00e1n Je\u017e\u00ed\u0161 ka\u017ed\u00e9mu v\u011b\u0159\u00edc\u00edmu, aby se mohl p\u0159es n\u00e1s projevovat tak, jak s\u00e1m chce. V\u011b\u0159\u00edme v z\u00e1zraky, uzdravujeme nemocn\u00e9, osvobozujeme ty, kdo jsou v zajet\u00ed \u010f\u00e1bla a jsme v procesu prom\u011bny na\u0161eho my\u0161len\u00ed na my\u0161len\u00ed, pota\u017emo jedn\u00e1n\u00ed Kristovo. V\u0161ichni v\u011b\u0159\u00edc\u00ed v P\u00e1na Je\u017e\u00ed\u0161e jsou povolan\u00ed k jednot\u011b v Duchu a tvo\u0159\u00ed jednu c\u00edrkev, kter\u00e1 se shroma\u017e\u010fuje na r\u016fzn\u00fdch m\u00edstech - v m\u00edstn\u00edch sborech. V\u0161ichni lid\u00e9 budou vzk\u0159\u00ed\u0161eni - ti, kdo p\u0159ijali z\u00e1chranu skrze Je\u017e\u00ed\u0161e, pro v\u011b\u010dn\u00fd \u017eivot, a ti, kdo odm\u00edtnou evangelium, pro v\u011b\u010dn\u00e9 zatracen\u00ed.<\/p>\r\n                            <\/div>\r\n                                                                                    <div class=\"hero__about-award\">\r\n                            \t<img decoding=\"async\" src=\"https:\/\/www.czbsfm.cz\/wp-content\/uploads\/2023\/10\/Silvester-2022-84-scaled.jpg\" alt=\"Best Studio Award\">\r\n                            <\/div>\r\n                                                    <\/div>\r\n                    <\/div>\r\n                <\/div>\r\n            <\/div>\r\n            \r\n        \t<div class=\"row hero__about-row\">\r\n                <div class=\"col-xxl-12\">\r\n                    <div class=\"hero__about-video\">\r\n                        <video loop muted autoplay playsinline>\r\n                        \t<source src=\"\" type=\"video\/mp4\">\r\n                        <\/video>\r\n                    <\/div>\r\n                <\/div>\r\n            <\/div>\r\n        <\/div>\r\n    <\/section>\r\n    <!-- Hero area end -->\r\n    \r\n\t\t\t<\/div>\n\t\t\t\t<\/div>\n\t\t\t\t\t<\/div>\n\t\t<\/div>\n\t\t\t\t\t\t\t<\/div>\n\t\t<\/section>\n\t\t\t\t\t\t\t<\/div>\n\t\t","protected":false},"excerpt":{"rendered":"<p>Na\u0161e hodnoty B\u016fh vlo\u017eil do na\u0161eho srdce vizi b\u00fdt stabiln\u00ed, p\u0159\u00e1telskou, mezin\u00e1rodn\u00ed c\u00edrkvi pro v\u0161echny generace. Spojujeme lidi s Bohem a lidi s lidmi. Je p\u011bt hodnot, kter\u00e9 maj\u00ed na\u0161i zvl\u00e1\u0161tn\u00ed pozornost: Modlitba Sm\u011b\u0159ujeme k tomu, aby se modlitba a vd\u011b\u010dnost staly na\u0161\u00edm \u017eivotn\u00edm stylem a skrze n\u00e1s ovliv\u0148ovaly okol\u00ed. \u017de\u0148 Vydanost pro Je\u017e\u00ed\u0161e je [&hellip;]<\/p>\n","protected":false},"author":1,"featured_media":0,"parent":0,"menu_order":0,"comment_status":"closed","ping_status":"closed","template":"tpl-default-elementor.php","meta":{"om_disable_all_campaigns":false,"_monsterinsights_skip_tracking":false,"_monsterinsights_sitenote_active":false,"_monsterinsights_sitenote_note":"","_monsterinsights_sitenote_category":0,"footnotes":""},"class_list":["post-3597","page","type-page","status-publish","hentry"],"aioseo_notices":[],"_links":{"self":[{"href":"https:\/\/www.czbsfm.cz\/index.php?rest_route=\/wp\/v2\/pages\/3597","targetHints":{"allow":["GET"]}}],"collection":[{"href":"https:\/\/www.czbsfm.cz\/index.php?rest_route=\/wp\/v2\/pages"}],"about":[{"href":"https:\/\/www.czbsfm.cz\/index.php?rest_route=\/wp\/v2\/types\/page"}],"author":[{"embeddable":true,"href":"https:\/\/www.czbsfm.cz\/index.php?rest_route=\/wp\/v2\/users\/1"}],"replies":[{"embeddable":true,"href":"https:\/\/www.czbsfm.cz\/index.php?rest_route=%2Fwp%2Fv2%2Fcomments&post=3597"}],"version-history":[{"count":83,"href":"https:\/\/www.czbsfm.cz\/index.php?rest_route=\/wp\/v2\/pages\/3597\/revisions"}],"predecessor-version":[{"id":4945,"href":"https:\/\/www.czbsfm.cz\/index.php?rest_route=\/wp\/v2\/pages\/3597\/revisions\/4945"}],"wp:attachment":[{"href":"https:\/\/www.czbsfm.cz\/index.php?rest_route=%2Fwp%2Fv2%2Fmedia&parent=3597"}],"curies":[{"name":"wp","href":"https:\/\/api.w.org\/{rel}","templated":true}]}}