{"id":3596,"date":"2022-12-08T08:09:56","date_gmt":"2022-12-08T07:09:56","guid":{"rendered":"https:\/\/axtra.wealcoder.com\/?page_id=15"},"modified":"2024-10-09T16:24:59","modified_gmt":"2024-10-09T14:24:59","slug":"home","status":"publish","type":"page","link":"https:\/\/www.czbsfm.cz\/","title":{"rendered":"Dom\u016f"},"content":{"rendered":"\t\t<div data-elementor-type=\"wp-page\" data-elementor-id=\"3596\" class=\"elementor elementor-3596\">\n\t\t\t\t\t\t\t\t\t<section class=\"elementor-section elementor-top-section elementor-element elementor-element-7cb9749 elementor-section-full_width elementor-section-height-default elementor-section-height-default\" data-id=\"7cb9749\" data-element_type=\"section\">\n\t\t\t\t\t\t<div class=\"elementor-container elementor-column-gap-default\">\n\t\t\t\t\t<div class=\"elementor-column elementor-col-100 elementor-top-column elementor-element elementor-element-da7720e\" data-id=\"da7720e\" data-element_type=\"column\">\n\t\t\t<div class=\"elementor-widget-wrap elementor-element-populated\">\n\t\t\t\t\t\t\t\t<div class=\"elementor-element elementor-element-fdbcdd4 elementor-widget elementor-widget-axtra_our_banner\" data-id=\"fdbcdd4\" data-element_type=\"widget\" data-settings=\"{&quot;btn_padding&quot;:{&quot;unit&quot;:&quot;px&quot;,&quot;top&quot;:&quot;&quot;,&quot;right&quot;:&quot;&quot;,&quot;bottom&quot;:&quot;&quot;,&quot;left&quot;:&quot;&quot;,&quot;isLinked&quot;:true},&quot;btn_padding_tablet&quot;:{&quot;unit&quot;:&quot;px&quot;,&quot;top&quot;:&quot;&quot;,&quot;right&quot;:&quot;&quot;,&quot;bottom&quot;:&quot;&quot;,&quot;left&quot;:&quot;&quot;,&quot;isLinked&quot;:true},&quot;btn_padding_mobile&quot;:{&quot;unit&quot;:&quot;px&quot;,&quot;top&quot;:&quot;&quot;,&quot;right&quot;:&quot;&quot;,&quot;bottom&quot;:&quot;&quot;,&quot;left&quot;:&quot;&quot;,&quot;isLinked&quot;:true}}\" data-widget_type=\"axtra_our_banner.default\">\n\t\t\t\t<div class=\"elementor-widget-container\">\n\t\t\t\t\r\n    \r\n\t    \r\n    <!-- Hero area start -->\r\n    <section class=\"service__hero-2\">\r\n        <div class=\"container\">\r\n            <div class=\"row\">\r\n                <div class=\"col-xxl-12\">\r\n                    <div class=\"service__hero-inner-2\">\r\n                        \r\n                        <div class=\"service__hero-left-2\">\r\n                            <img decoding=\"async\" src=\"https:\/\/www.czbsfm.cz\/wp-content\/uploads\/2023\/10\/DSC5935-1-scaled.jpg\" alt=\"Awesome Image\" class=\"image-1\">                            <img decoding=\"async\" src=\"https:\/\/www.czbsfm.cz\/wp-content\/uploads\/2023\/10\/DSC5955-scaled.jpg\" alt=\"Awesome Image\" class=\"image-2\">                            <img decoding=\"async\" src=\"https:\/\/www.czbsfm.cz\/wp-content\/uploads\/2023\/10\/IMG_1663-scaled.jpg\" alt=\"Awesome Image\" class=\"image-3\">                            <img decoding=\"async\" src=\"https:\/\/www.czbsfm.cz\/wp-content\/uploads\/2023\/10\/IMG_6096-scaled.jpeg\" alt=\"Awesome Image\" class=\"image-4\">                        <\/div>\r\n                        \r\n                        <div class=\"service__hero-right-2 hero7__thum-anim\">\r\n                            <h1 class=\"title creative\"><div style=\"flex-wrap: wrap;column-gap: 25px\"><div>C\u00edrkev<\/div> <div> \u017div\u00e9ho<\/div> <div> Boha <\/div><\/div> <\/h1>                            <p class=\"animate_content\"> Jsme p\u0159\u00e1telsk\u00e1 mezin\u00e1rodn\u00ed c\u00edrkev pro v\u0161echny generace <\/p>                                                        <img decoding=\"async\" src=\"https:\/\/www.czbsfm.cz\/wp-content\/uploads\/2022\/12\/arrow-down-sm.png\" alt=\"scroll Image\" class=\"scroll\">\r\n                                                    <\/div>\r\n                    <\/div>\r\n                <\/div>\r\n            <\/div>\r\n        <\/div>\r\n    \t\r\n            <\/section>\r\n    <!-- Hero area end -->\r\n    \r\n    \t\t<\/div>\n\t\t\t\t<\/div>\n\t\t\t\t\t<\/div>\n\t\t<\/div>\n\t\t\t\t\t\t\t<\/div>\n\t\t<\/section>\n\t\t\t\t<section class=\"elementor-section elementor-top-section elementor-element elementor-element-a76a2d4 elementor-section-full_width elementor-section-height-default elementor-section-height-default\" data-id=\"a76a2d4\" data-element_type=\"section\" data-settings=\"{&quot;background_background&quot;:&quot;classic&quot;}\">\n\t\t\t\t\t\t<div class=\"elementor-container elementor-column-gap-default\">\n\t\t\t\t\t<div class=\"elementor-column elementor-col-100 elementor-top-column elementor-element elementor-element-5e1485c\" data-id=\"5e1485c\" data-element_type=\"column\">\n\t\t\t<div class=\"elementor-widget-wrap elementor-element-populated\">\n\t\t\t\t\t\t\t\t<div class=\"elementor-element elementor-element-4dc9a3d elementor-widget elementor-widget-text-editor\" data-id=\"4dc9a3d\" data-element_type=\"widget\" data-widget_type=\"text-editor.default\">\n\t\t\t\t<div class=\"elementor-widget-container\">\n\t\t\t<style>\/*! elementor - v3.16.0 - 09-10-2023 *\/\n.elementor-widget-text-editor.elementor-drop-cap-view-stacked .elementor-drop-cap{background-color:#69727d;color:#fff}.elementor-widget-text-editor.elementor-drop-cap-view-framed .elementor-drop-cap{color:#69727d;border:3px solid;background-color:transparent}.elementor-widget-text-editor:not(.elementor-drop-cap-view-default) .elementor-drop-cap{margin-top:8px}.elementor-widget-text-editor:not(.elementor-drop-cap-view-default) .elementor-drop-cap-letter{width:1em;height:1em}.elementor-widget-text-editor .elementor-drop-cap{float:left;text-align:center;line-height:1;font-size:50px}.elementor-widget-text-editor .elementor-drop-cap-letter{display:inline-block}<\/style>\t\t\t\t<div style=\"width: 100%; font-weight: 500; text-align: center; display: flex; align-items: center; justify-content: center;\"><div style=\"height: 800px; width: 1111px; display: flex; flex-direction: column; align-items: center; justify-content: center;\"><h3 style=\"text-align: center;\"><span style=\"color: #ffffff;\"><b style=\"font-weight: 500;\">C\u00edrkev \u017eiv\u00e9ho Boha je registrovan\u00e1 c\u00edrkev ministerstvem kultury v \u010cR,<br \/>jej\u00ed\u017e st\u0159edem je Je\u017e\u00ed\u0161 Kristus. V\u0161echno, co d\u011bl\u00e1me, je zalo\u017eeno na hodnot\u00e1ch popsan\u00fdch v Bibli. Nevytv\u00e1\u0159\u00edme nov\u00e9 n\u00e1bo\u017eenstv\u00ed, ale vytv\u00e1\u0159\u00edme novou kulturu \u017eivota, ve kter\u00e9 m\u016f\u017ee oby\u010dejn\u00fd \u010dlov\u011bk pro\u017e\u00edvat s\u00edlu, moc a l\u00e1sku mimo\u0159\u00e1dn\u00e9ho Boha.<\/b><span style=\"font-weight: 400;\">\u00a0<\/span><\/span><\/h3><h3 style=\"text-align: center;\"><span style=\"color: #ffffff;\"><b style=\"font-weight: 500;\">U n\u00e1s jist\u011b najde\u0161 sv\u00e9 m\u00edsto. Nez\u00e1le\u017e\u00ed na tom, kolik m\u00e1\u0161 let, odkud jsi, nebo co pr\u00e1v\u011b pro\u017e\u00edv\u00e1\u0161. V\u017edy m\u016f\u017ee\u0161 vstoupit na cestu Je\u017e\u00ed\u0161e spole\u010dn\u011b s n\u00e1mi a odhalit, k \u010demu a jak jsi byl stvo\u0159en\u00fd. Jsi p\u0159ipraven na opravdov\u00e9 dobrodru\u017estv\u00ed?<br \/><br \/><br \/><\/b><\/span><\/h3><h1 style=\"font-weight: 600; color: white;\">P\u0159ij\u010f se mezi n\u00e1s pod\u00edvat.<\/h1><h1>\u00a0<\/h1><\/div><\/div>\t\t\t\t\t\t<\/div>\n\t\t\t\t<\/div>\n\t\t\t\t\t<\/div>\n\t\t<\/div>\n\t\t\t\t\t\t\t<\/div>\n\t\t<\/section>\n\t\t<div class=\"elementor-element elementor-element-316ac96 e-con-full e-flex e-con e-parent\" data-id=\"316ac96\" data-element_type=\"container\" data-settings=\"{&quot;content_width&quot;:&quot;full&quot;,&quot;background_background&quot;:&quot;classic&quot;}\" data-core-v316-plus=\"true\">\n\t\t<div class=\"elementor-element elementor-element-1277ad3 e-con-full e-flex e-con e-child\" data-id=\"1277ad3\" data-element_type=\"container\" data-settings=\"{&quot;content_width&quot;:&quot;full&quot;}\">\n\t\t\t\t<div class=\"elementor-element elementor-element-6a48a05 elementor-widget__width-initial elementor-widget elementor-widget-shortcode\" data-id=\"6a48a05\" data-element_type=\"widget\" data-widget_type=\"shortcode.default\">\n\t\t\t\t<div class=\"elementor-widget-container\">\n\t\t\t\t\t<div class=\"elementor-shortcode\">\n<div \n\tid=\"sb_youtube_sbyUC3lFGsiPkho9eltqwW6VaA1\" \n\t class=\"sb_youtube sby_layout_list sby_col_0 sby_mob_col_0 sby_palette_inherit  sby_width_resp\" \n\tdata-feedid=\"sby_UC3lFGsiPk-ho9eltqwW6VaA#1\" \n\tdata-shortcode-atts=\"{&quot;feed&quot;:&quot;2&quot;}\" \n\tdata-cols=\"0\" \n\tdata-colsmobile=\"0\" \n\tdata-num=\"1\" \n\tdata-nummobile=\"1\" \n\tdata-channel-subscribers=\"816 subscribers\"\tdata-subscribe-btn=\"1\" \n\tdata-subscribe-btn-text=\"Subscribe\" \n\t data-sby-flags=\"resizeDisable,gdpr\" data-postid=\"3596\" \n\t data-videocardlayout=\"vertical\" \n>\n\t        <div class=\"sby_items_wrap\">\n\t\t<div class=\"sby_item  sby_new sby_transition\" id=\"sby_VVUzbEZHc2lQay1obzllbHRxd1c2VmFBLk5SSWY2R2FkRlQw\" data-date=\"1776638566\" data-video-id=\"NRIf6GadFT0\" style=\"margin-bottom: 5px;\">\n    <div class=\"sby_inner_item\">\n        <div class=\"sby_video_thumbnail_wrap sby_item_video_thumbnail_wrap\">\n            <a class=\"sby_video_thumbnail sby_item_video_thumbnail\" href=\"https:\/\/www.youtube.com\/watch?v=NRIf6GadFT0\" target=\"_blank\" rel=\"noopener\" data-full-res=\"https:\/\/i.ytimg.com\/vi\/NRIf6GadFT0\/maxresdefault.jpg\" data-img-src-set=\"{&quot;120&quot;:&quot;https:\\\/\\\/i.ytimg.com\\\/vi\\\/NRIf6GadFT0\\\/default.jpg&quot;,&quot;320&quot;:&quot;https:\\\/\\\/i.ytimg.com\\\/vi\\\/NRIf6GadFT0\\\/mqdefault.jpg&quot;,&quot;480&quot;:&quot;https:\\\/\\\/i.ytimg.com\\\/vi\\\/NRIf6GadFT0\\\/hqdefault.jpg&quot;,&quot;640&quot;:&quot;https:\\\/\\\/i.ytimg.com\\\/vi\\\/NRIf6GadFT0\\\/sddefault.jpg&quot;}\" data-video-id=\"NRIf6GadFT0\" data-video-title=\"Ned\u011bln\u00ed bohoslu\u017eba 19. 4. 2026 10:00\">\n                <img decoding=\"async\" src=\"https:\/\/www.czbsfm.cz\/wp-content\/plugins\/feeds-for-youtube\/img\/placeholder.png\" alt=\"Je skv\u011bl\u00e9, \u017ee jste se p\u0159ipojili k n\u00e1m!\nV\u011b\u0159\u00edme, \u017ee v\u00e1s dne\u0161n\u00ed bohoslu\u017eba po\u017eehn\u00e1 a \u017ee v\u00e1s posune ve vztahu s na\u0161\u00edm miluj\u00edc\u00edm Otcem.\n\nD\u011bkujeme za va\u0161e dary!\n\u010c\u00edslo \u00fa\u010dtu: 2800082250\/2010\n\nM\u00e1te na n\u00e1s n\u011bjakou ot\u00e1zku, tak n\u00e1m napi\u0161te na czbsfm@gmail.com nebo p\u0159es soci\u00e1ln\u00ed s\u00edt\u011b.\n\nSledujte n\u00e1s:\nFacebook: https:\/\/www.facebook.com\/czbsfm\/\nInstagram: https:\/\/www.instagram.com\/czbfm\/\n\nD\u011bkujeme, \u017ee jste s n\u00e1mi.\">\n\n                <div class=\"sby_thumbnail_hover sby_item_video_thumbnail_hover\">\n                    <div class=\"sby_thumbnail_hover_inner\">\n                                                    <span class=\"sby_video_title\" >Ned\u011bln\u00ed bohoslu\u017eba 19. 4. 2026 10:00<\/span>\n                                            <\/div>\n                <\/div>\n\n                                    <div class=\"sby_play_btn\" >\n                        <span class=\"sby_play_btn_bg\"><\/span>\n                        <svg aria-hidden=\"true\" focusable=\"false\" data-prefix=\"fab\" data-icon=\"youtube\" role=\"img\" xmlns=\"http:\/\/www.w3.org\/2000\/svg\" viewBox=\"0 0 576 512\" class=\"svg-inline--fa fa-youtube fa-w-18\"><path fill=\"currentColor\" d=\"M549.655 124.083c-6.281-23.65-24.787-42.276-48.284-48.597C458.781 64 288 64 288 64S117.22 64 74.629 75.486c-23.497 6.322-42.003 24.947-48.284 48.597-11.412 42.867-11.412 132.305-11.412 132.305s0 89.438 11.412 132.305c6.281 23.65 24.787 41.5 48.284 47.821C117.22 448 288 448 288 448s170.78 0 213.371-11.486c23.497-6.321 42.003-24.171 48.284-47.821 11.412-42.867 11.412-132.305 11.412-132.305s0-89.438-11.412-132.305zm-317.51 213.508V175.185l142.739 81.205-142.739 81.201z\" class=\"\"><\/path><\/svg>                    <\/div>\n                                <span class=\"sby_loader sby_hidden\" style=\"background-color: rgb(255, 255, 255);\"><\/span>\n            <\/a>\n\n                        <div id=\"sby_player_NRIf6GadFT0\" class=\"sby_player_wrap\"><\/div>\n                    <\/div>\n    <\/div>\n<\/div>    <\/div>\n    \n\t<div class=\"sby_footer\">\n\n    <a class=\"sby_load_btn\" href=\"javascript:void(0);\"  >\n        <span class=\"sby_btn_text\" >Load More...<\/span>\n        <span class=\"sby_loader sby_hidden\" style=\"background-color: rgb(255, 255, 255);\"><\/span>\n    <\/a>\n\n    <span \n        class=\"sby_follow_btn\" \n            >\n        <a \n            href=\"https:\/\/www.youtube.com\/channel\/UC3lFGsiPk-ho9eltqwW6VaA\/\"\n             \n            target=\"_blank\" \n            rel=\"noopener\"\n        >\n            <svg aria-hidden=\"true\" focusable=\"false\" data-prefix=\"fab\" data-icon=\"youtube\" role=\"img\" xmlns=\"http:\/\/www.w3.org\/2000\/svg\" viewBox=\"0 0 576 512\" class=\"svg-inline--fa fa-youtube fa-w-18\"><path fill=\"currentColor\" d=\"M549.655 124.083c-6.281-23.65-24.787-42.276-48.284-48.597C458.781 64 288 64 288 64S117.22 64 74.629 75.486c-23.497 6.322-42.003 24.947-48.284 48.597-11.412 42.867-11.412 132.305-11.412 132.305s0 89.438 11.412 132.305c6.281 23.65 24.787 41.5 48.284 47.821C117.22 448 288 448 288 448s170.78 0 213.371-11.486c23.497-6.321 42.003-24.171 48.284-47.821 11.412-42.867 11.412-132.305 11.412-132.305s0-89.438-11.412-132.305zm-317.51 213.508V175.185l142.739 81.205-142.739 81.201z\" class=\"\"><\/path><\/svg>            <span  >\n                Subscribe            <\/span>\n        <\/a>\n    <\/span>\n<\/div>\n    \n\t\n<\/div>\n\n<style type=\"text\/css\">#sb_youtube_sbyUC3lFGsiPkho9eltqwW6VaA1 .sby_caption_wrap .sby_caption { font-size: 13px !important}#sb_youtube_sbyUC3lFGsiPkho9eltqwW6VaA1 .sby_follow_btn a:hover { box-shadow:inset 0 0 10px 20px rgb(255, 255, 255, .25) !important}#sb_youtube_sbyUC3lFGsiPkho9eltqwW6VaA1[data-videostyle=boxed] .sby_items_wrap .sby_item .sby_inner_item { background-color: #ffffff !important}<\/style><\/div>\n\t\t\t\t<\/div>\n\t\t\t\t<\/div>\n\t\t\t\t<\/div>\n\t\t<div class=\"elementor-element elementor-element-be51d13 e-con-full e-flex e-con e-child\" data-id=\"be51d13\" data-element_type=\"container\" data-settings=\"{&quot;content_width&quot;:&quot;full&quot;}\">\n\t\t\t\t<div class=\"elementor-element elementor-element-ed321ad elementor-widget elementor-widget-axtra_hero_title\" data-id=\"ed321ad\" data-element_type=\"widget\" data-widget_type=\"axtra_hero_title.default\">\n\t\t\t\t<div class=\"elementor-widget-container\">\n\t\t\t    \r\n        <div class=\"sec-title-wrapper te-hero-title text-anim\">\r\n\t\t\t<div class=\"sec-sub-title title-anim\"><\/div>            <h3 class=\"sec-title title-anim axtra-size-default\">Ned\u011bln\u00ed bohoslu\u017eby<\/h3>            <p><p>Sledujte pravideln\u011b bohoslu\u017eby online. Pokud se nem\u016f\u017eete \u00fa\u010dastnit na\u017eivo, p\u0159ipojte se k n\u00e1m p\u0159es YouTube. Poslechn\u011bte si z\u00e1znamy na\u0161ich setk\u00e1n\u00ed a nava\u017ete s n\u00e1mi kontakt.<\/p><\/p>        <\/div>\r\n        \r\n    \t\t<\/div>\n\t\t\t\t<\/div>\n\t\t\t\t<\/div>\n\t\t\t\t<\/div>\n\t\t\t\t<section class=\"elementor-section elementor-top-section elementor-element elementor-element-fa2cb2f elementor-section-full_width elementor-section-height-default elementor-section-height-default\" data-id=\"fa2cb2f\" data-element_type=\"section\">\n\t\t\t\t\t\t<div class=\"elementor-container elementor-column-gap-default\">\n\t\t\t\t\t<div class=\"elementor-column elementor-col-100 elementor-top-column elementor-element elementor-element-abe602f\" data-id=\"abe602f\" data-element_type=\"column\">\n\t\t\t<div class=\"elementor-widget-wrap elementor-element-populated\">\n\t\t\t\t\t\t\t\t<div class=\"elementor-element elementor-element-93d55a0 elementor-widget elementor-widget-html\" data-id=\"93d55a0\" data-element_type=\"widget\" data-widget_type=\"html.default\">\n\t\t\t\t<div class=\"elementor-widget-container\">\n\t\t\t<div style=\"background: black;\nheight: 180px;\ndisplay: flex;\nalign-items: center;\njustify-content: center;\ngap: 20px;\n\">\n    <a href=\"https:\/\/www.youtube.com\/@czbsfm\"\n     target=\"_blank\">\n        <img decoding=\"async\" src=\"http:\/\/www.czbsfm.cz\/wp-content\/uploads\/2023\/12\/youtube-icon.png\"\n            style=\"cursor: pointer;\"\n            width=\"50px\"\n        \/>\n    <\/a>\n      <a href=\"https:\/\/www.facebook.com\/czbsfm\"\n       target=\"_blank\">\n        <img decoding=\"async\" src=\"http:\/\/www.czbsfm.cz\/wp-content\/uploads\/2023\/12\/facebook-icon.png\"\n            style=\"cursor: pointer;\"\n            width=\"50px\"\n        \/>\n    <\/a>\n      <a href=\"https:\/\/www.instagram.com\/inhimofficial\/?hl=cs\"\n      target=\"_blank\"\n      >\n        <img decoding=\"async\" src=\"http:\/\/www.czbsfm.cz\/wp-content\/uploads\/2023\/12\/instagram-icon.png\"\n            style=\"cursor: pointer;\"\n            width=\"50px\"\n        \/>\n    <\/a>\n    \n        <a href=\"https:\/\/t.me\/+-rz6TLwmFu5mYjg0\"\n      target=\"_blank\"\n      >\n        <img decoding=\"async\" src=\"http:\/\/www.czbsfm.cz\/wp-content\/uploads\/2023\/12\/Telegram-Logo.png\"\n            style=\"cursor: pointer;\"\n            width=\"50px\"\n        \/>\n    <\/a>\n    \n    \n<\/div>\t\t<\/div>\n\t\t\t\t<\/div>\n\t\t\t\t<div class=\"elementor-element elementor-element-ad1e975 elementor-widget elementor-widget-html\" data-id=\"ad1e975\" data-element_type=\"widget\" data-widget_type=\"html.default\">\n\t\t\t\t<div class=\"elementor-widget-container\">\n\t\t\t<iframe src=\"https:\/\/www.google.com\/maps\/embed?pb=!1m18!1m12!1m3!1d1290.887296195512!2d18.362788204546003!3d49.677384490987805!2m3!1f0!2f0!3f0!3m2!1i1024!2i768!4f13.1!3m3!1m2!1s0x4713f7309ce4db8f%3A0x6205c3b0d5696fc0!2zQ8OtcmtldiDFvml2w6lobyBCb2hhIHNib3IgRnLDvWRlay1Nw61zdGVr!5e0!3m2!1scs!2scz!4v1728483730100!5m2!1scs!2scz\" width=\"600\" height=\"532\" style=\"border:0;\" allowfullscreen=\"\" loading=\"lazy\" referrerpolicy=\"no-referrer-when-downgrade\"><\/iframe>\t\t<\/div>\n\t\t\t\t<\/div>\n\t\t\t\t\t<\/div>\n\t\t<\/div>\n\t\t\t\t\t\t\t<\/div>\n\t\t<\/section>\n\t\t\t\t\t\t\t<\/div>\n\t\t","protected":false},"excerpt":{"rendered":"<p>C\u00edrkev \u017div\u00e9ho Boha Jsme p\u0159\u00e1telsk\u00e1 mezin\u00e1rodn\u00ed c\u00edrkev pro v\u0161echny generace C\u00edrkev \u017eiv\u00e9ho Boha je registrovan\u00e1 c\u00edrkev ministerstvem kultury v \u010cR,jej\u00ed\u017e st\u0159edem je Je\u017e\u00ed\u0161 Kristus. V\u0161echno, co d\u011bl\u00e1me, je zalo\u017eeno na hodnot\u00e1ch popsan\u00fdch v Bibli. Nevytv\u00e1\u0159\u00edme nov\u00e9 n\u00e1bo\u017eenstv\u00ed, ale vytv\u00e1\u0159\u00edme novou kulturu \u017eivota, ve kter\u00e9 m\u016f\u017ee oby\u010dejn\u00fd \u010dlov\u011bk pro\u017e\u00edvat s\u00edlu, moc a l\u00e1sku mimo\u0159\u00e1dn\u00e9ho Boha.\u00a0 U [&hellip;]<\/p>\n","protected":false},"author":1,"featured_media":0,"parent":0,"menu_order":0,"comment_status":"closed","ping_status":"closed","template":"tpl-default-elementor.php","meta":{"om_disable_all_campaigns":false,"_monsterinsights_skip_tracking":false,"_monsterinsights_sitenote_active":false,"_monsterinsights_sitenote_note":"","_monsterinsights_sitenote_category":0,"footnotes":""},"class_list":["post-3596","page","type-page","status-publish","hentry"],"aioseo_notices":[],"_links":{"self":[{"href":"https:\/\/www.czbsfm.cz\/index.php?rest_route=\/wp\/v2\/pages\/3596","targetHints":{"allow":["GET"]}}],"collection":[{"href":"https:\/\/www.czbsfm.cz\/index.php?rest_route=\/wp\/v2\/pages"}],"about":[{"href":"https:\/\/www.czbsfm.cz\/index.php?rest_route=\/wp\/v2\/types\/page"}],"author":[{"embeddable":true,"href":"https:\/\/www.czbsfm.cz\/index.php?rest_route=\/wp\/v2\/users\/1"}],"replies":[{"embeddable":true,"href":"https:\/\/www.czbsfm.cz\/index.php?rest_route=%2Fwp%2Fv2%2Fcomments&post=3596"}],"version-history":[{"count":175,"href":"https:\/\/www.czbsfm.cz\/index.php?rest_route=\/wp\/v2\/pages\/3596\/revisions"}],"predecessor-version":[{"id":4974,"href":"https:\/\/www.czbsfm.cz\/index.php?rest_route=\/wp\/v2\/pages\/3596\/revisions\/4974"}],"wp:attachment":[{"href":"https:\/\/www.czbsfm.cz\/index.php?rest_route=%2Fwp%2Fv2%2Fmedia&parent=3596"}],"curies":[{"name":"wp","href":"https:\/\/api.w.org\/{rel}","templated":true}]}}