{"id":1903,"date":"2023-01-03T10:15:21","date_gmt":"2023-01-03T10:15:21","guid":{"rendered":"https:\/\/axtra.wealcoder.com\/?page_id=1903"},"modified":"2023-10-31T15:52:05","modified_gmt":"2023-10-31T14:52:05","slug":"digital-agency-dark","status":"publish","type":"page","link":"https:\/\/www.czbsfm.cz\/?page_id=1903","title":{"rendered":"Podpora"},"content":{"rendered":"\t\t<div data-elementor-type=\"wp-page\" data-elementor-id=\"1903\" class=\"elementor elementor-1903\">\n\t\t\t\t\t\t\t\t\t<section class=\"elementor-section elementor-top-section elementor-element elementor-element-7cdad12 elementor-section-full_width elementor-section-height-default elementor-section-height-default\" data-id=\"7cdad12\" data-element_type=\"section\">\n\t\t\t\t\t\t<div class=\"elementor-container elementor-column-gap-default\">\n\t\t\t\t\t<div class=\"elementor-column elementor-col-100 elementor-top-column elementor-element elementor-element-efa2ab6\" data-id=\"efa2ab6\" data-element_type=\"column\">\n\t\t\t<div class=\"elementor-widget-wrap\">\n\t\t\t\t\t\t\t\t\t<\/div>\n\t\t<\/div>\n\t\t\t\t\t\t\t<\/div>\n\t\t<\/section>\n\t\t\t\t<section class=\"elementor-section elementor-top-section elementor-element elementor-element-9d0b1d4 elementor-section-full_width elementor-section-height-default elementor-section-height-default\" data-id=\"9d0b1d4\" data-element_type=\"section\">\n\t\t\t\t\t\t<div class=\"elementor-container elementor-column-gap-default\">\n\t\t\t\t\t<div class=\"elementor-column elementor-col-100 elementor-top-column elementor-element elementor-element-c56fa94\" data-id=\"c56fa94\" data-element_type=\"column\">\n\t\t\t<div class=\"elementor-widget-wrap elementor-element-populated\">\n\t\t\t\t\t\t\t\t<div class=\"elementor-element elementor-element-3a8c336 elementor-widget__width-inherit animated-slow elementor-invisible elementor-widget elementor-widget-axtra_hero_title\" data-id=\"3a8c336\" data-element_type=\"widget\" data-settings=\"{&quot;_animation&quot;:&quot;fadeIn&quot;}\" data-widget_type=\"axtra_hero_title.default\">\n\t\t\t\t<div class=\"elementor-widget-container\">\n\t\t\t    \r\n        <div class=\"sec-title-wrapper te-hero-title text-anim\">\r\n\t\t\t<div class=\"sec-sub-title title-anim\"><\/div>            <h3 class=\"sec-title title-anim axtra-size-default\">Pokud n\u00e1s chcete finan\u010dn\u011b podpo\u0159it, <br \/>velmi si toho v\u00e1\u017e\u00edme.<\/h3>            <p><h4 style=\"text-align: center;height: 450px;margin-top: 80px\"><em>Ka\u017ed\u00fd a\u0165 d\u00e1v\u00e1, jak se v srdci rozhodl, ne s l\u00edtost\u00ed anebo z povinnosti. <br \/>V\u017edy\u0165 \u00a0B\u016fh miluje ochotn\u00e9ho d\u00e1rce. <br \/>2. Korintsk\u00fdm 9:7<\/em><\/h4><\/p>        <\/div>\r\n        \r\n    \t\t<\/div>\n\t\t\t\t<\/div>\n\t\t\t\t\t<\/div>\n\t\t<\/div>\n\t\t\t\t\t\t\t<\/div>\n\t\t<\/section>\n\t\t<div class=\"elementor-element elementor-element-9d7e137 e-con-full e-flex e-con e-parent\" data-id=\"9d7e137\" data-element_type=\"container\" data-settings=\"{&quot;content_width&quot;:&quot;full&quot;}\" data-core-v316-plus=\"true\">\n\t\t<div class=\"elementor-element elementor-element-6f1e26d e-con-full e-flex e-con e-child\" data-id=\"6f1e26d\" data-element_type=\"container\" data-settings=\"{&quot;content_width&quot;:&quot;full&quot;}\">\n\t\t\t\t<div class=\"elementor-element elementor-element-f039990 elementor-invisible elementor-widget elementor-widget-image\" data-id=\"f039990\" data-element_type=\"widget\" data-settings=\"{&quot;_animation&quot;:&quot;tada&quot;}\" data-widget_type=\"image.default\">\n\t\t\t\t<div class=\"elementor-widget-container\">\n\t\t\t<style>\/*! elementor - v3.16.0 - 09-10-2023 *\/\n.elementor-widget-image{text-align:center}.elementor-widget-image a{display:inline-block}.elementor-widget-image a img[src$=\".svg\"]{width:48px}.elementor-widget-image img{vertical-align:middle;display:inline-block}<\/style>\t\t\t\t\t\t\t\t\t\t\t\t<img loading=\"lazy\" decoding=\"async\" width=\"525\" height=\"525\" src=\"https:\/\/www.czbsfm.cz\/wp-content\/uploads\/2023\/10\/QR-FIO-banka-e1698761005303.png\" class=\"attachment-large size-large wp-image-4153\" alt=\"\" \/>\t\t\t\t\t\t\t\t\t\t\t\t\t\t\t<\/div>\n\t\t\t\t<\/div>\n\t\t\t\t<\/div>\n\t\t<div class=\"elementor-element elementor-element-034a9be e-con-full e-flex e-con e-child\" data-id=\"034a9be\" data-element_type=\"container\" data-settings=\"{&quot;content_width&quot;:&quot;full&quot;}\">\n\t\t\t\t<div class=\"elementor-element elementor-element-ded5b6f elementor-widget__width-initial elementor-widget elementor-widget-axtra_hero_title\" data-id=\"ded5b6f\" data-element_type=\"widget\" data-settings=\"{&quot;_animation&quot;:&quot;none&quot;}\" data-widget_type=\"axtra_hero_title.default\">\n\t\t\t\t<div class=\"elementor-widget-container\">\n\t\t\t    \r\n        <div class=\"sec-title-wrapper te-hero-title text-anim\">\r\n\t\t\t<div class=\"sec-sub-title title-anim\"><\/div>            <h3 class=\"sec-title title-anim axtra-size-default\">\u00da\u010det a QR k\u00f3d<\/h3>            <p><h5 style=\"margin-top: 15px\"><span style=\"font-weight: 400\">\u010c\u00edslo \u00fa\u010dtu: 2800082250 \/ 2010\u00a0<\/span><\/h5>\n<h5><span style=\"font-weight: 400\">IBAN: CZ1420100000002800082250\u00a0<\/span><\/h5>\n<h5><span style=\"font-weight: 400\">BIC\/SWIFT: FIOBCZPPXXX<\/span><\/h5>\n&nbsp;\n<h5><span style=\"font-weight: 400\">Va\u0161e setba p\u0159inese sklize\u0148, proto\u017ee v\u011b\u0159\u00edme, \u017ee jsme dobr\u00e1 a \u00farodn\u00e1 p\u016fda. <\/span><span style=\"font-weight: 400\">D\u011bkujeme za Va\u0161\u00ed podporu.<\/span><\/h5><\/p>        <\/div>\r\n        \r\n    \t\t<\/div>\n\t\t\t\t<\/div>\n\t\t\t\t<\/div>\n\t\t\t\t<\/div>\n\t\t\t\t<section class=\"elementor-section elementor-top-section elementor-element elementor-element-6be0ea4 elementor-section-full_width elementor-section-height-default elementor-section-height-default\" data-id=\"6be0ea4\" data-element_type=\"section\">\n\t\t\t\t\t\t<div class=\"elementor-container elementor-column-gap-default\">\n\t\t\t\t\t<div class=\"elementor-column elementor-col-100 elementor-top-column elementor-element elementor-element-876109c\" data-id=\"876109c\" data-element_type=\"column\">\n\t\t\t<div class=\"elementor-widget-wrap elementor-element-populated\">\n\t\t\t\t\t\t\t\t<div class=\"elementor-element elementor-element-60ebc42 elementor-widget elementor-widget-axtra_hero_title\" data-id=\"60ebc42\" data-element_type=\"widget\" data-widget_type=\"axtra_hero_title.default\">\n\t\t\t\t<div class=\"elementor-widget-container\">\n\t\t\t    \r\n        <div class=\"sec-title-wrapper te-hero-title text-anim\">\r\n\t\t\t<div class=\"sec-sub-title title-anim\"><\/div>            <div class=\"sec-title title-anim\"><\/div>            <p><ul><li style=\"text-align: center\"><h5><span style=\"font-weight: 400\">N\u00e1\u0161 sbor funguje d\u00edky dobrovoln\u00fdm a \u0161t\u011bdr\u00fdm dar\u016fm partner\u016f, n\u00e1v\u0161t\u011bvn\u00edk\u016f a d\u00e1rc\u016f. Pravideln\u00e9 i nepravideln\u00e9 dary do c\u00edrkve n\u00e1m umo\u017e\u0148uj\u00ed nejen aktivity a duchovn\u00ed p\u00e9\u010di o lidi v c\u00edrkvi a v na\u0161em okol\u00ed, ale tak\u00e9 slou\u017eit mezin\u00e1rodn\u011b.<\/span><\/h5><\/li><li style=\"text-align: center\">\u00a0<\/li><li style=\"text-align: center\"><h5><span style=\"font-weight: 400\">Jsme c\u00edrkev registrovan\u00e1 Ministerstvem kultury \u010cR, av\u0161ak dle z\u00e1kona nem\u00e1me n\u00e1rok b\u00fdt podporov\u00e1n\u00ed st\u00e1tem. Souhlas\u00edme s t\u00edm a m\u00e1me za to, \u017ee je to tak spr\u00e1vn\u011b. Vy\u0161li jsme na cestu v\u00edry a neo\u010dek\u00e1v\u00e1me, \u017ee n\u00e1s budou nedobrovoln\u011b platit lid\u00e9 ze sv\u00fdch dan\u00ed (3. Jan 1:7).\u00a0<\/span><span style=\"font-weight: 400\">Jako sbor jsme se rozhodli, \u017ee 10% ze v\u0161ech sv\u00fdch dar\u016f investujeme do glob\u00e1ln\u00ed slu\u017eby <a href=\"https:\/\/cogop.org\/\">Church of God of Prophecy<\/a>, d\u00edky kter\u00e9 podporujeme \u0161\u00ed\u0159en\u00ed evangelia na v\u0161ech kontinentech a <\/span><span style=\"font-weight: 400\">tak jsme p\u0159\u00e1telskou, mezin\u00e1rodn\u00ed c\u00edrkvi, pro v\u0161echny generace.<\/span><\/h5><\/li><li style=\"text-align: center\">\u00a0<\/li><li style=\"text-align: center\"><h2><span style=\"font-weight: 400\">\u0160t\u011bdrost v d\u00e1v\u00e1n\u00ed p\u0159in\u00e1\u0161\u00ed radost a nad\u011bji.<\/span><\/h2><\/li><li style=\"text-align: center\">\u00a0<\/li><li style=\"text-align: center\">\u00a0<\/li><\/ul><\/p>        <\/div>\r\n        \r\n    \t\t<\/div>\n\t\t\t\t<\/div>\n\t\t\t\t\t<\/div>\n\t\t<\/div>\n\t\t\t\t\t\t\t<\/div>\n\t\t<\/section>\n\t\t\t\t\t\t\t<\/div>\n\t\t","protected":false},"excerpt":{"rendered":"<p>Pokud n\u00e1s chcete finan\u010dn\u011b podpo\u0159it, velmi si toho v\u00e1\u017e\u00edme. Ka\u017ed\u00fd a\u0165 d\u00e1v\u00e1, jak se v srdci rozhodl, ne s l\u00edtost\u00ed anebo z povinnosti. V\u017edy\u0165 \u00a0B\u016fh miluje ochotn\u00e9ho d\u00e1rce. 2. Korintsk\u00fdm 9:7 \u00da\u010det a QR k\u00f3d \u010c\u00edslo \u00fa\u010dtu: 2800082250 \/ 2010\u00a0 IBAN: CZ1420100000002800082250\u00a0 BIC\/SWIFT: FIOBCZPPXXX &nbsp; Va\u0161e setba p\u0159inese sklize\u0148, proto\u017ee v\u011b\u0159\u00edme, \u017ee jsme dobr\u00e1 a [&hellip;]<\/p>\n","protected":false},"author":1,"featured_media":0,"parent":0,"menu_order":0,"comment_status":"closed","ping_status":"closed","template":"tpl-default-elementor.php","meta":{"om_disable_all_campaigns":false,"_monsterinsights_skip_tracking":false,"_monsterinsights_sitenote_active":false,"_monsterinsights_sitenote_note":"","_monsterinsights_sitenote_category":0,"footnotes":""},"class_list":["post-1903","page","type-page","status-publish","hentry"],"aioseo_notices":[],"_links":{"self":[{"href":"https:\/\/www.czbsfm.cz\/index.php?rest_route=\/wp\/v2\/pages\/1903","targetHints":{"allow":["GET"]}}],"collection":[{"href":"https:\/\/www.czbsfm.cz\/index.php?rest_route=\/wp\/v2\/pages"}],"about":[{"href":"https:\/\/www.czbsfm.cz\/index.php?rest_route=\/wp\/v2\/types\/page"}],"author":[{"embeddable":true,"href":"https:\/\/www.czbsfm.cz\/index.php?rest_route=\/wp\/v2\/users\/1"}],"replies":[{"embeddable":true,"href":"https:\/\/www.czbsfm.cz\/index.php?rest_route=%2Fwp%2Fv2%2Fcomments&post=1903"}],"version-history":[{"count":117,"href":"https:\/\/www.czbsfm.cz\/index.php?rest_route=\/wp\/v2\/pages\/1903\/revisions"}],"predecessor-version":[{"id":5035,"href":"https:\/\/www.czbsfm.cz\/index.php?rest_route=\/wp\/v2\/pages\/1903\/revisions\/5035"}],"wp:attachment":[{"href":"https:\/\/www.czbsfm.cz\/index.php?rest_route=%2Fwp%2Fv2%2Fmedia&parent=1903"}],"curies":[{"name":"wp","href":"https:\/\/api.w.org\/{rel}","templated":true}]}}