{"id":1387,"date":"2022-12-20T10:50:27","date_gmt":"2022-12-20T10:50:27","guid":{"rendered":"https:\/\/axtra.wealcoder.com\/?page_id=1387"},"modified":"2023-10-17T08:22:46","modified_gmt":"2023-10-17T08:22:46","slug":"our-blog","status":"publish","type":"page","link":"https:\/\/www.czbsfm.cz\/?page_id=1387","title":{"rendered":"Ud\u00e1losti"},"content":{"rendered":"<p><!-- Blog area start --><\/p>\n<section>\n<h2>Co se d\u011bje<br \/>\nu n\u00e1s v c\u00edrkvi<\/h2>\n<p>Na\u0161e c\u00edrkev po\u0159\u00e1d\u00e1 nejr\u016fzn\u011bj\u0161\u00ed akce&#8230;<\/p>\n<article>\n                            <a href=\"https:\/\/www.czbsfm.cz\/?p=1405\"><br \/>\n<img width=\"390\" height=\"450\" src=\"http:\/\/www.czbsfm.cz\/wp-content\/uploads\/2022\/12\/1-22.jpg\" alt=\"\" decoding=\"async\" loading=\"lazy\" srcset=\"https:\/\/www.czbsfm.cz\/wp-content\/uploads\/2022\/12\/1-22.jpg 390w, https:\/\/www.czbsfm.cz\/wp-content\/uploads\/2022\/12\/1-22-260x300.jpg 260w\" sizes=\"auto, (max-width: 390px) 100vw, 390px\" \/>                                    <img width=\"390\" height=\"450\" src=\"http:\/\/www.czbsfm.cz\/wp-content\/uploads\/2022\/12\/1-22.jpg\" alt=\"\" decoding=\"async\" loading=\"lazy\" srcset=\"https:\/\/www.czbsfm.cz\/wp-content\/uploads\/2022\/12\/1-22.jpg 390w, https:\/\/www.czbsfm.cz\/wp-content\/uploads\/2022\/12\/1-22-260x300.jpg 260w\" sizes=\"auto, (max-width: 390px) 100vw, 390px\" \/><br \/>\n<\/a><\/p>\n<h4>\n                        \t<a href=\"https:\/\/www.czbsfm.cz\/?cat=19\" rel=\"category\">Our Blog<\/a> .<br \/>\nDecember 20, 2022<\/h4>\n<h5><a href=\"https:\/\/www.czbsfm.cz\/?p=1405\">Features exclusive to impress your visitor new relationship.<\/a><\/h5>\n<p><a href=\"https:\/\/www.czbsfm.cz\/?p=1405\">Dozv\u011bd\u011bt se v\u00edce <\/a><br \/>\n<\/article>\n<article>\n                            <a href=\"https:\/\/www.czbsfm.cz\/?p=1413\"><br \/>\n<img width=\"390\" height=\"450\" src=\"http:\/\/www.czbsfm.cz\/wp-content\/uploads\/2022\/12\/2-18.jpg\" alt=\"\" decoding=\"async\" loading=\"lazy\" srcset=\"https:\/\/www.czbsfm.cz\/wp-content\/uploads\/2022\/12\/2-18.jpg 390w, https:\/\/www.czbsfm.cz\/wp-content\/uploads\/2022\/12\/2-18-260x300.jpg 260w\" sizes=\"auto, (max-width: 390px) 100vw, 390px\" \/>                                    <img width=\"390\" height=\"450\" src=\"http:\/\/www.czbsfm.cz\/wp-content\/uploads\/2022\/12\/2-18.jpg\" alt=\"\" decoding=\"async\" loading=\"lazy\" srcset=\"https:\/\/www.czbsfm.cz\/wp-content\/uploads\/2022\/12\/2-18.jpg 390w, https:\/\/www.czbsfm.cz\/wp-content\/uploads\/2022\/12\/2-18-260x300.jpg 260w\" sizes=\"auto, (max-width: 390px) 100vw, 390px\" \/><br \/>\n<\/a><\/p>\n<h4>\n                        \t<a href=\"https:\/\/www.czbsfm.cz\/?cat=19\" rel=\"category\">Our Blog<\/a> .<br \/>\nDecember 20, 2022<\/h4>\n<h5><a href=\"https:\/\/www.czbsfm.cz\/?p=1413\">How to manage a exclusive features to impress your visitors<\/a><\/h5>\n<p><a href=\"https:\/\/www.czbsfm.cz\/?p=1413\">Dozv\u011bd\u011bt se v\u00edce <\/a><br \/>\n<\/article>\n<article>\n                            <a href=\"https:\/\/www.czbsfm.cz\/?p=1414\"><br \/>\n<img width=\"390\" height=\"450\" src=\"http:\/\/www.czbsfm.cz\/wp-content\/uploads\/2022\/12\/3-14.jpg\" alt=\"\" decoding=\"async\" loading=\"lazy\" srcset=\"https:\/\/www.czbsfm.cz\/wp-content\/uploads\/2022\/12\/3-14.jpg 390w, https:\/\/www.czbsfm.cz\/wp-content\/uploads\/2022\/12\/3-14-260x300.jpg 260w\" sizes=\"auto, (max-width: 390px) 100vw, 390px\" \/>                                    <img width=\"390\" height=\"450\" src=\"http:\/\/www.czbsfm.cz\/wp-content\/uploads\/2022\/12\/3-14.jpg\" alt=\"\" decoding=\"async\" loading=\"lazy\" srcset=\"https:\/\/www.czbsfm.cz\/wp-content\/uploads\/2022\/12\/3-14.jpg 390w, https:\/\/www.czbsfm.cz\/wp-content\/uploads\/2022\/12\/3-14-260x300.jpg 260w\" sizes=\"auto, (max-width: 390px) 100vw, 390px\" \/><br \/>\n<\/a><\/p>\n<h4>\n                        \t<a href=\"https:\/\/www.czbsfm.cz\/?cat=19\" rel=\"category\">Our Blog<\/a> .<br \/>\nDecember 20, 2022<\/h4>\n<h5><a href=\"https:\/\/www.czbsfm.cz\/?p=1414\">Bring designs to life as a developer company with Axtra<\/a><\/h5>\n<p><a href=\"https:\/\/www.czbsfm.cz\/?p=1414\">Dozv\u011bd\u011bt se v\u00edce <\/a><br \/>\n<\/article>\n<article>\n                            <a href=\"https:\/\/www.czbsfm.cz\/?p=1415\"><br \/>\n<img width=\"390\" height=\"450\" src=\"http:\/\/www.czbsfm.cz\/wp-content\/uploads\/2022\/12\/4-12.jpg\" alt=\"\" decoding=\"async\" loading=\"lazy\" srcset=\"https:\/\/www.czbsfm.cz\/wp-content\/uploads\/2022\/12\/4-12.jpg 390w, https:\/\/www.czbsfm.cz\/wp-content\/uploads\/2022\/12\/4-12-260x300.jpg 260w\" sizes=\"auto, (max-width: 390px) 100vw, 390px\" \/>                                    <img width=\"390\" height=\"450\" src=\"http:\/\/www.czbsfm.cz\/wp-content\/uploads\/2022\/12\/4-12.jpg\" alt=\"\" decoding=\"async\" loading=\"lazy\" srcset=\"https:\/\/www.czbsfm.cz\/wp-content\/uploads\/2022\/12\/4-12.jpg 390w, https:\/\/www.czbsfm.cz\/wp-content\/uploads\/2022\/12\/4-12-260x300.jpg 260w\" sizes=\"auto, (max-width: 390px) 100vw, 390px\" \/><br \/>\n<\/a><\/p>\n<h4>\n                        \t<a href=\"https:\/\/www.czbsfm.cz\/?cat=19\" rel=\"category\">Our Blog<\/a> .<br \/>\nDecember 20, 2022<\/h4>\n<h5><a href=\"https:\/\/www.czbsfm.cz\/?p=1415\">About your relationship ways of lying to yourself.<\/a><\/h5>\n<p><a href=\"https:\/\/www.czbsfm.cz\/?p=1415\">Dozv\u011bd\u011bt se v\u00edce <\/a><br \/>\n<\/article>\n<article>\n                            <a href=\"https:\/\/www.czbsfm.cz\/?p=1419\"><br \/>\n<img width=\"390\" height=\"450\" src=\"http:\/\/www.czbsfm.cz\/wp-content\/uploads\/2022\/12\/5-8.jpg\" alt=\"\" decoding=\"async\" loading=\"lazy\" srcset=\"https:\/\/www.czbsfm.cz\/wp-content\/uploads\/2022\/12\/5-8.jpg 390w, https:\/\/www.czbsfm.cz\/wp-content\/uploads\/2022\/12\/5-8-260x300.jpg 260w\" sizes=\"auto, (max-width: 390px) 100vw, 390px\" \/>                                    <img width=\"390\" height=\"450\" src=\"http:\/\/www.czbsfm.cz\/wp-content\/uploads\/2022\/12\/5-8.jpg\" alt=\"\" decoding=\"async\" loading=\"lazy\" srcset=\"https:\/\/www.czbsfm.cz\/wp-content\/uploads\/2022\/12\/5-8.jpg 390w, https:\/\/www.czbsfm.cz\/wp-content\/uploads\/2022\/12\/5-8-260x300.jpg 260w\" sizes=\"auto, (max-width: 390px) 100vw, 390px\" \/><br \/>\n<\/a><\/p>\n<h4>\n                        \t<a href=\"https:\/\/www.czbsfm.cz\/?cat=19\" rel=\"category\">Our Blog<\/a> .<br \/>\nDecember 20, 2022<\/h4>\n<h5><a href=\"https:\/\/www.czbsfm.cz\/?p=1419\">You should know everything about build apartment designs<\/a><\/h5>\n<p><a href=\"https:\/\/www.czbsfm.cz\/?p=1419\">Dozv\u011bd\u011bt se v\u00edce <\/a><br \/>\n<\/article>\n<article>\n                            <a href=\"https:\/\/www.czbsfm.cz\/?p=1420\"><br \/>\n<img width=\"390\" height=\"450\" src=\"http:\/\/www.czbsfm.cz\/wp-content\/uploads\/2022\/12\/6-6.jpg\" alt=\"\" decoding=\"async\" loading=\"lazy\" srcset=\"https:\/\/www.czbsfm.cz\/wp-content\/uploads\/2022\/12\/6-6.jpg 390w, https:\/\/www.czbsfm.cz\/wp-content\/uploads\/2022\/12\/6-6-260x300.jpg 260w\" sizes=\"auto, (max-width: 390px) 100vw, 390px\" \/>                                    <img width=\"390\" height=\"450\" src=\"http:\/\/www.czbsfm.cz\/wp-content\/uploads\/2022\/12\/6-6.jpg\" alt=\"\" decoding=\"async\" loading=\"lazy\" srcset=\"https:\/\/www.czbsfm.cz\/wp-content\/uploads\/2022\/12\/6-6.jpg 390w, https:\/\/www.czbsfm.cz\/wp-content\/uploads\/2022\/12\/6-6-260x300.jpg 260w\" sizes=\"auto, (max-width: 390px) 100vw, 390px\" \/><br \/>\n<\/a><\/p>\n<h4>\n                        \t<a href=\"https:\/\/www.czbsfm.cz\/?cat=19\" rel=\"category\">Our Blog<\/a> .<br \/>\nDecember 20, 2022<\/h4>\n<h5><a href=\"https:\/\/www.czbsfm.cz\/?p=1420\">How to bring fold to your startup company with Axtra<\/a><\/h5>\n<p><a href=\"https:\/\/www.czbsfm.cz\/?p=1420\">Dozv\u011bd\u011bt se v\u00edce <\/a><br \/>\n<\/article>\n<p>            <!--Pagination--><br \/>\n<\/section>\n<p>    <!-- Blog area end --><\/p>\n","protected":false},"excerpt":{"rendered":"<p>Co se d\u011bje u n\u00e1s v c\u00edrkvi Na\u0161e c\u00edrkev po\u0159\u00e1d\u00e1 nejr\u016fzn\u011bj\u0161\u00ed akce&#8230; Our Blog . December 20, 2022 Features exclusive to impress your visitor new relationship. Dozv\u011bd\u011bt se v\u00edce Our Blog . December 20, 2022 How to manage a exclusive features to impress your visitors Dozv\u011bd\u011bt se v\u00edce Our Blog . December 20, 2022 Bring [&hellip;]<\/p>\n","protected":false},"author":1,"featured_media":0,"parent":0,"menu_order":0,"comment_status":"closed","ping_status":"closed","template":"tpl-default-elementor.php","meta":{"om_disable_all_campaigns":false,"_monsterinsights_skip_tracking":false,"_monsterinsights_sitenote_active":false,"_monsterinsights_sitenote_note":"","_monsterinsights_sitenote_category":0,"footnotes":""},"class_list":["post-1387","page","type-page","status-publish","hentry"],"aioseo_notices":[],"_links":{"self":[{"href":"https:\/\/www.czbsfm.cz\/index.php?rest_route=\/wp\/v2\/pages\/1387","targetHints":{"allow":["GET"]}}],"collection":[{"href":"https:\/\/www.czbsfm.cz\/index.php?rest_route=\/wp\/v2\/pages"}],"about":[{"href":"https:\/\/www.czbsfm.cz\/index.php?rest_route=\/wp\/v2\/types\/page"}],"author":[{"embeddable":true,"href":"https:\/\/www.czbsfm.cz\/index.php?rest_route=\/wp\/v2\/users\/1"}],"replies":[{"embeddable":true,"href":"https:\/\/www.czbsfm.cz\/index.php?rest_route=%2Fwp%2Fv2%2Fcomments&post=1387"}],"version-history":[{"count":6,"href":"https:\/\/www.czbsfm.cz\/index.php?rest_route=\/wp\/v2\/pages\/1387\/revisions"}],"predecessor-version":[{"id":3725,"href":"https:\/\/www.czbsfm.cz\/index.php?rest_route=\/wp\/v2\/pages\/1387\/revisions\/3725"}],"wp:attachment":[{"href":"https:\/\/www.czbsfm.cz\/index.php?rest_route=%2Fwp%2Fv2%2Fmedia&parent=1387"}],"curies":[{"name":"wp","href":"https:\/\/api.w.org\/{rel}","templated":true}]}}