{"id":1317,"date":"2022-12-19T13:18:42","date_gmt":"2022-12-19T13:18:42","guid":{"rendered":"https:\/\/axtra.wealcoder.com\/?page_id=1317"},"modified":"2024-10-09T18:32:03","modified_gmt":"2024-10-09T16:32:03","slug":"contact-us","status":"publish","type":"page","link":"https:\/\/www.czbsfm.cz\/?page_id=1317","title":{"rendered":"Kontaktujte n\u00e1s"},"content":{"rendered":"\t\t<div data-elementor-type=\"wp-page\" data-elementor-id=\"1317\" class=\"elementor elementor-1317\">\n\t\t\t\t\t\t\t\t\t<section class=\"elementor-section elementor-top-section elementor-element elementor-element-6dcbb4c elementor-section-full_width elementor-section-height-default elementor-section-height-default\" data-id=\"6dcbb4c\" data-element_type=\"section\">\n\t\t\t\t\t\t<div class=\"elementor-container elementor-column-gap-default\">\n\t\t\t\t\t<div class=\"elementor-column elementor-col-100 elementor-top-column elementor-element elementor-element-d4065c1\" data-id=\"d4065c1\" data-element_type=\"column\">\n\t\t\t<div class=\"elementor-widget-wrap elementor-element-populated\">\n\t\t\t\t\t\t\t\t<div class=\"elementor-element elementor-element-8c40e62 e-transform elementor-invisible elementor-widget elementor-widget-axtra_contact_us\" data-id=\"8c40e62\" data-element_type=\"widget\" data-settings=\"{&quot;_animation&quot;:&quot;fadeInDown&quot;,&quot;_transform_rotateZ_effect_hover&quot;:{&quot;unit&quot;:&quot;px&quot;,&quot;size&quot;:&quot;&quot;,&quot;sizes&quot;:[]},&quot;_transform_rotateZ_effect_hover_tablet&quot;:{&quot;unit&quot;:&quot;deg&quot;,&quot;size&quot;:&quot;&quot;,&quot;sizes&quot;:[]},&quot;_transform_rotateZ_effect_hover_mobile&quot;:{&quot;unit&quot;:&quot;deg&quot;,&quot;size&quot;:&quot;&quot;,&quot;sizes&quot;:[]}}\" data-widget_type=\"axtra_contact_us.default\">\n\t\t\t\t<div class=\"elementor-widget-container\">\n\t\t\t\t\r\n    <!-- Contact area start -->\r\n    <section class=\"contact__area-6\">\r\n        <div class=\"container g-0 line pt-120 pb-110\">\r\n        \t<span class=\"line-3\"><\/span>\r\n            \r\n            <div class=\"row\">\r\n                                <div class=\"col-xxl-6 col-xl-6 col-lg-6 col-md-6\">\r\n                    <div class=\"sec-title-wrapper\">\r\n                    \t<h2 class=\"sec-title-2 animation__char_come\">Kontaktujte n\u00e1s<\/h2>\r\n                    <\/div>\r\n                <\/div>\r\n                                \r\n                                <div class=\"col-xxl-6 col-xl-6 col-lg-6 col-md-6\">\r\n                    <div class=\"contact__text\">\r\n                        <p>Zanechte n\u00e1m zpr\u00e1vu prost\u0159ednictv\u00edm toho formul\u00e1\u0159e.<\/p>\r\n                    <\/div>\r\n                <\/div>\r\n                            <\/div>\r\n            \r\n            <div class=\"row contact__btm\">\r\n                <div class=\"col-xxl-5 col-xl-5 col-lg-5 col-md-5\">\r\n                    <div class=\"contact__info\">\r\n                    \t<h3 class=\"sub-title-anim-top animation__word_come\">Kontaktn\u00ed formul\u00e1\u0159<\/h3>                        <ul>\r\n                            <li><a href=\"tel:+420 775 111 577\">+420 775 111 577<\/a><\/li>                            <li><a href=\"mailto:czbsfm@gmail.com\">czbsfm@gmail.com<\/a><\/li>                            <li><span>Slezsk\u00e1 3150, Fr\u00fddek-M\u00edstek<\/span><\/li>                        <\/ul>\r\n                    <\/div>\r\n                <\/div>\r\n                \r\n\t\t\t\t                <div class=\"col-xxl-7 col-xl-7 col-lg-7 col-md-7\">\r\n                    <div class=\"contact__form\">\r\n                        \n<div class=\"wpcf7 no-js\" id=\"wpcf7-f1288-o1\" lang=\"en-US\" dir=\"ltr\">\n<div class=\"screen-reader-response\"><p role=\"status\" aria-live=\"polite\" aria-atomic=\"true\"><\/p> <ul><\/ul><\/div>\n<form action=\"\/index.php?rest_route=%2Fwp%2Fv2%2Fpages%2F1317#wpcf7-f1288-o1\" method=\"post\" class=\"wpcf7-form init\" aria-label=\"Contact form\" novalidate=\"novalidate\" data-status=\"init\">\n<div style=\"display: none;\">\n<input type=\"hidden\" name=\"_wpcf7\" value=\"1288\" \/>\n<input type=\"hidden\" name=\"_wpcf7_version\" value=\"5.8.1\" \/>\n<input type=\"hidden\" name=\"_wpcf7_locale\" value=\"en_US\" \/>\n<input type=\"hidden\" name=\"_wpcf7_unit_tag\" value=\"wpcf7-f1288-o1\" \/>\n<input type=\"hidden\" name=\"_wpcf7_container_post\" value=\"0\" \/>\n<input type=\"hidden\" name=\"_wpcf7_posted_data_hash\" value=\"\" \/>\n<\/div>\n<div class=\"row g-3\">\n\t<div class=\"col-xxl-6 col-xl-6 col-12\">\n\t\t<p><span class=\"wpcf7-form-control-wrap\" data-name=\"text-69\"><input size=\"40\" class=\"wpcf7-form-control wpcf7-text wpcf7-validates-as-required\" aria-required=\"true\" aria-invalid=\"false\" placeholder=\"Jm\u00e9no *\" value=\"\" type=\"text\" name=\"text-69\" \/><\/span>\n\t\t<\/p>\n\t<\/div>\n\t<div class=\"col-xxl-6 col-xl-6 col-12\">\n\t\t<p><span class=\"wpcf7-form-control-wrap\" data-name=\"email-632\"><input size=\"40\" class=\"wpcf7-form-control wpcf7-email wpcf7-validates-as-required wpcf7-text wpcf7-validates-as-email\" aria-required=\"true\" aria-invalid=\"false\" placeholder=\"Email *\" value=\"\" type=\"email\" name=\"email-632\" \/><\/span>\n\t\t<\/p>\n\t<\/div>\n<\/div>\n<div class=\"row g-3\">\n\t<div class=\"col-xxl-6 col-xl-6 col-12\">\n\t\t<p><span class=\"wpcf7-form-control-wrap\" data-name=\"tel-966\"><input size=\"40\" class=\"wpcf7-form-control wpcf7-tel wpcf7-text wpcf7-validates-as-tel\" aria-invalid=\"false\" placeholder=\"Telefon\" value=\"\" type=\"tel\" name=\"tel-966\" \/><\/span>\n\t\t<\/p>\n\t<\/div>\n\t<div class=\"col-xxl-6 col-xl-6 col-12\">\n\t\t<p><span class=\"wpcf7-form-control-wrap\" data-name=\"text-70\"><input size=\"40\" class=\"wpcf7-form-control wpcf7-text wpcf7-validates-as-required\" aria-required=\"true\" aria-invalid=\"false\" placeholder=\"P\u0159edm\u011bt *\" value=\"\" type=\"text\" name=\"text-70\" \/><\/span>\n\t\t<\/p>\n\t<\/div>\n<\/div>\n<div class=\"row g-3\">\n\t<div class=\"col-12\">\n\t\t<p><span class=\"wpcf7-form-control-wrap\" data-name=\"textarea-968\"><textarea cols=\"40\" rows=\"10\" class=\"wpcf7-form-control wpcf7-textarea wpcf7-validates-as-required\" aria-required=\"true\" aria-invalid=\"false\" placeholder=\"Zpr\u00e1va *\" name=\"textarea-968\"><\/textarea><\/span>\n\t\t<\/p>\n\t<\/div>\n<\/div>\n<div class=\"row g-3\">\n\t<div class=\"col-12\">\n\t\t<div id=\"btn_wrapper\">\n\t\t\t<p><button class=\"wc-btn-primary btn-hover btn-item1\"><span><\/span>Odeslat<br \/>\nZpr\u00e1vu<i class=\"fa-solid fa-arrow-right\"><\/i><\/button>\n\t\t\t<\/p>\n\t\t<\/div>\n\t<\/div>\n<\/div><div class=\"wpcf7-response-output\" aria-hidden=\"true\"><\/div>\n<\/form>\n<\/div>\n                    <\/div>\r\n                <\/div>\r\n                            <\/div>\r\n        <\/div>\r\n    <\/section>\r\n    <!-- Contact area end -->\r\n                   \r\n    \t\t<\/div>\n\t\t\t\t<\/div>\n\t\t\t\t<div class=\"elementor-element elementor-element-b85c215 elementor-widget elementor-widget-html\" data-id=\"b85c215\" data-element_type=\"widget\" data-widget_type=\"html.default\">\n\t\t\t\t<div class=\"elementor-widget-container\">\n\t\t\t<iframe src=\"https:\/\/www.google.com\/maps\/embed?pb=!1m18!1m12!1m3!1d1290.887296195512!2d18.362788204546003!3d49.677384490987805!2m3!1f0!2f0!3f0!3m2!1i1024!2i768!4f13.1!3m3!1m2!1s0x4713f7309ce4db8f%3A0x6205c3b0d5696fc0!2zQ8OtcmtldiDFvml2w6lobyBCb2hhIHNib3IgRnLDvWRlay1Nw61zdGVr!5e0!3m2!1scs!2scz!4v1728483730100!5m2!1scs!2scz\" width=\"600\" height=\"532\" style=\"border:0;\" allowfullscreen=\"\" loading=\"lazy\" referrerpolicy=\"no-referrer-when-downgrade\"><\/iframe>\t\t<\/div>\n\t\t\t\t<\/div>\n\t\t\t\t\t<\/div>\n\t\t<\/div>\n\t\t\t\t\t\t\t<\/div>\n\t\t<\/section>\n\t\t\t\t\t\t\t<\/div>\n\t\t","protected":false},"excerpt":{"rendered":"<p>Kontaktujte n\u00e1s Zanechte n\u00e1m zpr\u00e1vu prost\u0159ednictv\u00edm toho formul\u00e1\u0159e. Kontaktn\u00ed formul\u00e1\u0159 +420 775 111 577 czbsfm@gmail.com Slezsk\u00e1 3150, Fr\u00fddek-M\u00edstek Odeslat Zpr\u00e1vu<\/p>\n","protected":false},"author":1,"featured_media":0,"parent":0,"menu_order":0,"comment_status":"closed","ping_status":"closed","template":"tpl-default-elementor.php","meta":{"om_disable_all_campaigns":false,"_monsterinsights_skip_tracking":false,"_monsterinsights_sitenote_active":false,"_monsterinsights_sitenote_note":"","_monsterinsights_sitenote_category":0,"footnotes":""},"class_list":["post-1317","page","type-page","status-publish","hentry"],"aioseo_notices":[],"_links":{"self":[{"href":"https:\/\/www.czbsfm.cz\/index.php?rest_route=\/wp\/v2\/pages\/1317","targetHints":{"allow":["GET"]}}],"collection":[{"href":"https:\/\/www.czbsfm.cz\/index.php?rest_route=\/wp\/v2\/pages"}],"about":[{"href":"https:\/\/www.czbsfm.cz\/index.php?rest_route=\/wp\/v2\/types\/page"}],"author":[{"embeddable":true,"href":"https:\/\/www.czbsfm.cz\/index.php?rest_route=\/wp\/v2\/users\/1"}],"replies":[{"embeddable":true,"href":"https:\/\/www.czbsfm.cz\/index.php?rest_route=%2Fwp%2Fv2%2Fcomments&post=1317"}],"version-history":[{"count":62,"href":"https:\/\/www.czbsfm.cz\/index.php?rest_route=\/wp\/v2\/pages\/1317\/revisions"}],"predecessor-version":[{"id":5038,"href":"https:\/\/www.czbsfm.cz\/index.php?rest_route=\/wp\/v2\/pages\/1317\/revisions\/5038"}],"wp:attachment":[{"href":"https:\/\/www.czbsfm.cz\/index.php?rest_route=%2Fwp%2Fv2%2Fmedia&parent=1317"}],"curies":[{"name":"wp","href":"https:\/\/api.w.org\/{rel}","templated":true}]}}