{"id":1289,"date":"2022-12-19T12:13:08","date_gmt":"2022-12-19T12:13:08","guid":{"rendered":"https:\/\/axtra.wealcoder.com\/?page_id=1289"},"modified":"2025-11-04T11:41:36","modified_gmt":"2025-11-04T10:41:36","slug":"our-team","status":"publish","type":"page","link":"https:\/\/www.czbsfm.cz\/?page_id=1289","title":{"rendered":"N\u00e1\u0161 t\u00fdm"},"content":{"rendered":"\t\t<div data-elementor-type=\"wp-page\" data-elementor-id=\"1289\" class=\"elementor elementor-1289\">\n\t\t\t\t\t\t\t\t\t<section class=\"elementor-section elementor-top-section elementor-element elementor-element-aa0b477 elementor-section-full_width elementor-section-height-default elementor-section-height-default\" data-id=\"aa0b477\" data-element_type=\"section\">\n\t\t\t\t\t\t<div class=\"elementor-container elementor-column-gap-default\">\n\t\t\t\t\t<div class=\"elementor-column elementor-col-100 elementor-top-column elementor-element elementor-element-399f0cb\" data-id=\"399f0cb\" data-element_type=\"column\">\n\t\t\t<div class=\"elementor-widget-wrap elementor-element-populated\">\n\t\t\t\t\t\t\t\t<div class=\"elementor-element elementor-element-6e18016 elementor-widget elementor-widget-axtra_hero_title\" data-id=\"6e18016\" data-element_type=\"widget\" data-widget_type=\"axtra_hero_title.default\">\n\t\t\t\t<div class=\"elementor-widget-container\">\n\t\t\t    \r\n        <div class=\"sec-title-wrapper te-hero-title text-anim\">\r\n\t\t\t<div class=\"sec-sub-title title-anim\"><\/div>            <h1 class=\"sec-title title-anim axtra-size-xxl\">Pasto\u0159i<\/h1>                    <\/div>\r\n        \r\n    \t\t<\/div>\n\t\t\t\t<\/div>\n\t\t\t\t\t<\/div>\n\t\t<\/div>\n\t\t\t\t\t\t\t<\/div>\n\t\t<\/section>\n\t\t<div class=\"elementor-element elementor-element-58a7dd9 e-flex e-con-boxed e-con e-parent\" data-id=\"58a7dd9\" data-element_type=\"container\" data-settings=\"{&quot;content_width&quot;:&quot;boxed&quot;}\" data-core-v316-plus=\"true\">\n\t\t\t\t\t<div class=\"e-con-inner\">\n\t\t<div class=\"elementor-element elementor-element-02d2589 e-con-full e-flex e-con e-child\" data-id=\"02d2589\" data-element_type=\"container\" data-settings=\"{&quot;content_width&quot;:&quot;full&quot;}\">\n\t\t\t\t<div class=\"elementor-element elementor-element-eea51b3 elementor-widget__width-initial elementor-invisible elementor-widget elementor-widget-image\" data-id=\"eea51b3\" data-element_type=\"widget\" data-settings=\"{&quot;_animation&quot;:&quot;fadeIn&quot;}\" data-widget_type=\"image.default\">\n\t\t\t\t<div class=\"elementor-widget-container\">\n\t\t\t<style>\/*! elementor - v3.16.0 - 09-10-2023 *\/\n.elementor-widget-image{text-align:center}.elementor-widget-image a{display:inline-block}.elementor-widget-image a img[src$=\".svg\"]{width:48px}.elementor-widget-image img{vertical-align:middle;display:inline-block}<\/style>\t\t\t\t\t\t\t\t\t\t\t\t<img loading=\"lazy\" decoding=\"async\" width=\"525\" height=\"667\" src=\"https:\/\/www.czbsfm.cz\/wp-content\/uploads\/2022\/12\/Pastori-scaled-e1700587870206-806x1024.jpg\" class=\"attachment-large size-large wp-image-4018\" alt=\"\" srcset=\"https:\/\/www.czbsfm.cz\/wp-content\/uploads\/2022\/12\/Pastori-scaled-e1700587870206-806x1024.jpg 806w, https:\/\/www.czbsfm.cz\/wp-content\/uploads\/2022\/12\/Pastori-scaled-e1700587870206-236x300.jpg 236w, https:\/\/www.czbsfm.cz\/wp-content\/uploads\/2022\/12\/Pastori-scaled-e1700587870206-768x976.jpg 768w, https:\/\/www.czbsfm.cz\/wp-content\/uploads\/2022\/12\/Pastori-scaled-e1700587870206-1209x1536.jpg 1209w, https:\/\/www.czbsfm.cz\/wp-content\/uploads\/2022\/12\/Pastori-scaled-e1700587870206-1612x2048.jpg 1612w, https:\/\/www.czbsfm.cz\/wp-content\/uploads\/2022\/12\/Pastori-scaled-e1700587870206-432x550.jpg 432w, https:\/\/www.czbsfm.cz\/wp-content\/uploads\/2022\/12\/Pastori-scaled-e1700587870206-770x980.jpg 770w, https:\/\/www.czbsfm.cz\/wp-content\/uploads\/2022\/12\/Pastori-scaled-e1700587870206-542x689.jpg 542w, https:\/\/www.czbsfm.cz\/wp-content\/uploads\/2022\/12\/Pastori-scaled-e1700587870206-440x560.jpg 440w, https:\/\/www.czbsfm.cz\/wp-content\/uploads\/2022\/12\/Pastori-scaled-e1700587870206-600x762.jpg 600w, https:\/\/www.czbsfm.cz\/wp-content\/uploads\/2022\/12\/Pastori-scaled-e1700587870206.jpg 1706w\" sizes=\"auto, (max-width: 525px) 100vw, 525px\" \/>\t\t\t\t\t\t\t\t\t\t\t\t\t\t\t<\/div>\n\t\t\t\t<\/div>\n\t\t\t\t<\/div>\n\t\t<div class=\"elementor-element elementor-element-4a36a82 e-con-full e-flex e-con e-child\" data-id=\"4a36a82\" data-element_type=\"container\" data-settings=\"{&quot;content_width&quot;:&quot;full&quot;}\">\n\t\t\t\t<div class=\"elementor-element elementor-element-87242b0 elementor-widget elementor-widget-axtra_hero_title\" data-id=\"87242b0\" data-element_type=\"widget\" data-widget_type=\"axtra_hero_title.default\">\n\t\t\t\t<div class=\"elementor-widget-container\">\n\t\t\t    \r\n        <div class=\"sec-title-wrapper te-hero-title text-anim\">\r\n\t\t\t<div class=\"sec-sub-title title-anim\"><\/div>            <div class=\"sec-title title-anim\"><\/div>            <p><p><span style=\"font-weight: 400;text-align: justify\">Spole\u010dn\u011b s man\u017eelkou poch\u00e1z\u00edme z T\u011b\u0161\u00ednska a st\u00e1le zde \u017eijeme. Sezn\u00e1mili jsme se v c\u00edrkvi b\u011bhem st\u0159edn\u00ed \u0161koly a v roce 1992 jsme uzav\u0159eli man\u017eelstv\u00ed. Je pro n\u00e1s charakteristick\u00e1 slu\u017eba lidem v c\u00edrkvi, je to na\u0161e povol\u00e1n\u00ed a z\u00e1rove\u0148 v\u00e1\u0161e\u0148, kter\u00e1 n\u00e1s doprov\u00e1z\u00ed cel\u00fd \u017eivot. J\u00e1, Petr, jsem byl ji\u017e jako mlad\u00fd perzekuov\u00e1n komunistick\u00fdm re\u017eimem. Bylo mi znemo\u017en\u011bno studovat, a kv\u016fli v\u00ed\u0159e jsem byl vyhozen z pr\u00e1ce ve \u0161kolstv\u00ed. P\u0159esto jsem to nevzdal a studoval jsem teologii a pozd\u011bji jsem tak\u00e9 vystudoval obor Soci\u00e1ln\u00ed pr\u00e1ce a komunikace a z\u00edskal doktor\u00e1t z filosofie. Dana se po \u0161kole tak\u00e9 vzd\u011bl\u00e1vala a absolvovala biblickou \u0161kolu. I kdy\u017e jsme vlastnili obchody a podnikali, slu\u017ebu P\u00e1nu Je\u017e\u00ed\u0161i jsme v\u017edy stav\u011bli na prvn\u00ed m\u00edsto. V roce 2002 jsme se stali pastory sboru ve Fr\u00fddku-M\u00edstku, kde st\u00e1le slou\u017e\u00edme. Spole\u010dn\u011b m\u00e1me t\u0159i d\u011bti: Filipa, Honzu a Veroniku, kte\u0159\u00ed s n\u00e1mi stoj\u00ed ve slu\u017eb\u011b. Filip je \u017eenat\u00fd s Ver\u010dou a Jan s Tereskou. M\u00e1me tak\u00e9 dv\u011b vnu\u010dky, Miu a Olivii.<\/span><\/p><\/p>        <\/div>\r\n        \r\n    \t\t<\/div>\n\t\t\t\t<\/div>\n\t\t\t\t<\/div>\n\t\t\t\t\t<\/div>\n\t\t\t\t<\/div>\n\t\t\t\t<section class=\"elementor-section elementor-top-section elementor-element elementor-element-ae6ec48 elementor-section-full_width elementor-section-height-default elementor-section-height-default\" data-id=\"ae6ec48\" data-element_type=\"section\">\n\t\t\t\t\t\t<div class=\"elementor-container elementor-column-gap-default\">\n\t\t\t\t\t<div class=\"elementor-column elementor-col-100 elementor-top-column elementor-element elementor-element-377d5ab\" data-id=\"377d5ab\" data-element_type=\"column\">\n\t\t\t<div class=\"elementor-widget-wrap elementor-element-populated\">\n\t\t\t\t\t\t\t\t<div class=\"elementor-element elementor-element-93610f8 elementor-widget elementor-widget-spacer\" data-id=\"93610f8\" data-element_type=\"widget\" data-widget_type=\"spacer.default\">\n\t\t\t\t<div class=\"elementor-widget-container\">\n\t\t\t<style>\/*! elementor - v3.16.0 - 09-10-2023 *\/\n.elementor-column .elementor-spacer-inner{height:var(--spacer-size)}.e-con{--container-widget-width:100%}.e-con-inner>.elementor-widget-spacer,.e-con>.elementor-widget-spacer{width:var(--container-widget-width,var(--spacer-size));--align-self:var(--container-widget-align-self,initial);--flex-shrink:0}.e-con-inner>.elementor-widget-spacer>.elementor-widget-container,.e-con>.elementor-widget-spacer>.elementor-widget-container{height:100%;width:100%}.e-con-inner>.elementor-widget-spacer>.elementor-widget-container>.elementor-spacer,.e-con>.elementor-widget-spacer>.elementor-widget-container>.elementor-spacer{height:100%}.e-con-inner>.elementor-widget-spacer>.elementor-widget-container>.elementor-spacer>.elementor-spacer-inner,.e-con>.elementor-widget-spacer>.elementor-widget-container>.elementor-spacer>.elementor-spacer-inner{height:var(--container-widget-height,var(--spacer-size))}.e-con-inner>.elementor-widget-spacer.elementor-widget-empty,.e-con>.elementor-widget-spacer.elementor-widget-empty{position:relative;min-height:22px;min-width:22px}.e-con-inner>.elementor-widget-spacer.elementor-widget-empty .elementor-widget-empty-icon,.e-con>.elementor-widget-spacer.elementor-widget-empty .elementor-widget-empty-icon{position:absolute;top:0;bottom:0;left:0;right:0;margin:auto;padding:0;width:22px;height:22px}<\/style>\t\t<div class=\"elementor-spacer\">\n\t\t\t<div class=\"elementor-spacer-inner\"><\/div>\n\t\t<\/div>\n\t\t\t\t<\/div>\n\t\t\t\t<\/div>\n\t\t\t\t<div class=\"elementor-element elementor-element-5c76a11 elementor-widget elementor-widget-axtra_hero_title\" data-id=\"5c76a11\" data-element_type=\"widget\" data-widget_type=\"axtra_hero_title.default\">\n\t\t\t\t<div class=\"elementor-widget-container\">\n\t\t\t    \r\n        <div class=\"sec-title-wrapper te-hero-title text-anim\">\r\n\t\t\t<div class=\"sec-sub-title title-anim\"><\/div>            <h3 class=\"sec-title title-anim axtra-size-default\">N\u00e1\u0161 t\u00fdm<\/h3>                    <\/div>\r\n        \r\n    \t\t<\/div>\n\t\t\t\t<\/div>\n\t\t\t\t<div class=\"elementor-element elementor-element-85177b7 elementor-widget elementor-widget-spacer\" data-id=\"85177b7\" data-element_type=\"widget\" data-widget_type=\"spacer.default\">\n\t\t\t\t<div class=\"elementor-widget-container\">\n\t\t\t\t\t<div class=\"elementor-spacer\">\n\t\t\t<div class=\"elementor-spacer-inner\"><\/div>\n\t\t<\/div>\n\t\t\t\t<\/div>\n\t\t\t\t<\/div>\n\t\t\t\t<div class=\"elementor-element elementor-element-dcdae21 elementor-widget elementor-widget-axtra_our_team\" data-id=\"dcdae21\" data-element_type=\"widget\" data-widget_type=\"axtra_our_team.default\">\n\t\t\t\t<div class=\"elementor-widget-container\">\n\t\t\t\t\r\n    \t\r\n    <!-- Team area start -->\r\n    <section class=\"team__area-6\">\r\n                \r\n        \r\n        <div class=\"swiper team__slider\">\r\n            <div class=\"swiper-wrapper\">\r\n                                <div class=\"swiper-slide team__slide\">\r\n                    <a href=\"https:\/\/www.czbsfm.cz\/?team=hardiya-kethrine\" target=\"_blank\">\r\n                        <img loading=\"lazy\" decoding=\"async\" width=\"432\" height=\"550\" src=\"https:\/\/www.czbsfm.cz\/wp-content\/uploads\/2022\/12\/Kubikovi-432x550.jpg\" class=\"attachment-axtra_432x550 size-axtra_432x550 wp-post-image\" alt=\"\" srcset=\"https:\/\/www.czbsfm.cz\/wp-content\/uploads\/2022\/12\/Kubikovi-432x550.jpg 432w, https:\/\/www.czbsfm.cz\/wp-content\/uploads\/2022\/12\/Kubikovi-770x980.jpg 770w, https:\/\/www.czbsfm.cz\/wp-content\/uploads\/2022\/12\/Kubikovi-542x689.jpg 542w, https:\/\/www.czbsfm.cz\/wp-content\/uploads\/2022\/12\/Kubikovi-440x560.jpg 440w\" sizes=\"auto, (max-width: 432px) 100vw, 432px\" \/>                        <div class=\"team__info\">\r\n                            <h4 class=\"team__member-name-6\">Pavel a Lenka Kubikovi<\/h4>\r\n                            <h5 class=\"team__member-role-6\">star\u0161\u00ed sboru<\/h5>\r\n                        <\/div>\r\n                    <\/a>\r\n                <\/div>            \r\n                                <div class=\"swiper-slide team__slide\">\r\n                    <a href=\"https:\/\/www.czbsfm.cz\/?team=saymon-d-halk\" target=\"_blank\">\r\n                        <img loading=\"lazy\" decoding=\"async\" width=\"432\" height=\"550\" src=\"https:\/\/www.czbsfm.cz\/wp-content\/uploads\/2022\/12\/Holusovi-432x550.jpg\" class=\"attachment-axtra_432x550 size-axtra_432x550 wp-post-image\" alt=\"\" srcset=\"https:\/\/www.czbsfm.cz\/wp-content\/uploads\/2022\/12\/Holusovi-432x550.jpg 432w, https:\/\/www.czbsfm.cz\/wp-content\/uploads\/2022\/12\/Holusovi-770x980.jpg 770w, https:\/\/www.czbsfm.cz\/wp-content\/uploads\/2022\/12\/Holusovi-542x689.jpg 542w, https:\/\/www.czbsfm.cz\/wp-content\/uploads\/2022\/12\/Holusovi-440x560.jpg 440w\" sizes=\"auto, (max-width: 432px) 100vw, 432px\" \/>                        <div class=\"team__info\">\r\n                            <h4 class=\"team__member-name-6\">David a Monika Holu\u0161ovi<\/h4>\r\n                            <h5 class=\"team__member-role-6\">diakoni \/ vedouc\u00ed d\u011btsk\u00e9 slu\u017eby<\/h5>\r\n                        <\/div>\r\n                    <\/a>\r\n                <\/div>            \r\n                                <div class=\"swiper-slide team__slide\">\r\n                    <a href=\"https:\/\/www.czbsfm.cz\/?team=julian-b-folder\" target=\"_blank\">\r\n                        <img loading=\"lazy\" decoding=\"async\" width=\"432\" height=\"550\" src=\"https:\/\/www.czbsfm.cz\/wp-content\/uploads\/2022\/12\/Szlaurovi-ml-432x550.jpg\" class=\"attachment-axtra_432x550 size-axtra_432x550 wp-post-image\" alt=\"\" srcset=\"https:\/\/www.czbsfm.cz\/wp-content\/uploads\/2022\/12\/Szlaurovi-ml-432x550.jpg 432w, https:\/\/www.czbsfm.cz\/wp-content\/uploads\/2022\/12\/Szlaurovi-ml-770x980.jpg 770w, https:\/\/www.czbsfm.cz\/wp-content\/uploads\/2022\/12\/Szlaurovi-ml-542x689.jpg 542w, https:\/\/www.czbsfm.cz\/wp-content\/uploads\/2022\/12\/Szlaurovi-ml-440x560.jpg 440w\" sizes=\"auto, (max-width: 432px) 100vw, 432px\" \/>                        <div class=\"team__info\">\r\n                            <h4 class=\"team__member-name-6\">Jan a Teresa Szlaurovi<\/h4>\r\n                            <h5 class=\"team__member-role-6\">diakoni \/ vedouc\u00ed ml\u00e1de\u017ee<\/h5>\r\n                        <\/div>\r\n                    <\/a>\r\n                <\/div>            \r\n                            <\/div>\r\n        <\/div>\r\n    \t\r\n        <div class=\"container line pt-150\">\r\n        \t<div class=\"line-3\"><\/div>\r\n        <\/div>\r\n            <\/section>\r\n    <!-- Team area end -->\r\n\t\r\n\t\t\t<\/div>\n\t\t\t\t<\/div>\n\t\t\t\t\t<\/div>\n\t\t<\/div>\n\t\t\t\t\t\t\t<\/div>\n\t\t<\/section>\n\t\t\t\t<section class=\"elementor-section elementor-top-section elementor-element elementor-element-26aacc1 elementor-section-full_width elementor-section-height-default elementor-section-height-default\" data-id=\"26aacc1\" data-element_type=\"section\">\n\t\t\t\t\t\t<div class=\"elementor-container elementor-column-gap-default\">\n\t\t\t\t\t<div class=\"elementor-column elementor-col-100 elementor-top-column elementor-element elementor-element-378e2bf\" data-id=\"378e2bf\" data-element_type=\"column\">\n\t\t\t<div class=\"elementor-widget-wrap elementor-element-populated\">\n\t\t\t\t\t\t\t\t<div class=\"elementor-element elementor-element-ac20697 elementor-invisible elementor-widget elementor-widget-axtra_call_to_action\" data-id=\"ac20697\" data-element_type=\"widget\" data-settings=\"{&quot;_animation&quot;:&quot;zoomIn&quot;}\" data-widget_type=\"axtra_call_to_action.default\">\n\t\t\t\t<div class=\"elementor-widget-container\">\n\t\t\t\t\r\n        \r\n    <!-- CTA area start -->\r\n    <section class=\"cta__area\">\r\n        <div class=\"container line  pb-110\">\r\n        \t<div class=\"line-3\"><\/div>\r\n            <div class=\"row\">\r\n                <div class=\"col-xxl-12\">\r\n                    <div class=\"cta__content\">\r\n                        <p class=\"cta__sub-title\">Buduj s n\u00e1mi<\/p>                        <h2 class=\"cta__title title-anim\">Chce\u0161 se zapojit do<br \/>  slu\u017eby v c\u00edrkvi?<\/h2>                                                <div id=\"btn_wrapper\">\r\n                            <a href=\"\/?page_id=1317\" target=\"_blank\" rel=\"nofollow\" class=\"wc-btn-primary btn-hover btn-item\"><span><\/span>Kontaktuj n\u00e1s <i class=\"fa-solid fa-arrow-right\"><\/i><\/a>\r\n                        <\/div>\r\n                                            <\/div>\r\n                <\/div>\r\n            <\/div>\r\n        <\/div>\r\n    <\/section>\r\n    <!-- CTA area end -->\r\n    \r\n    \t\t<\/div>\n\t\t\t\t<\/div>\n\t\t\t\t\t<\/div>\n\t\t<\/div>\n\t\t\t\t\t\t\t<\/div>\n\t\t<\/section>\n\t\t\t\t\t\t\t<\/div>\n\t\t","protected":false},"excerpt":{"rendered":"<p>Pasto\u0159i Spole\u010dn\u011b s man\u017eelkou poch\u00e1z\u00edme z T\u011b\u0161\u00ednska a st\u00e1le zde \u017eijeme. Sezn\u00e1mili jsme se v c\u00edrkvi b\u011bhem st\u0159edn\u00ed \u0161koly a v roce 1992 jsme uzav\u0159eli man\u017eelstv\u00ed. Je pro n\u00e1s charakteristick\u00e1 slu\u017eba lidem v c\u00edrkvi, je to na\u0161e povol\u00e1n\u00ed a z\u00e1rove\u0148 v\u00e1\u0161e\u0148, kter\u00e1 n\u00e1s doprov\u00e1z\u00ed cel\u00fd \u017eivot. J\u00e1, Petr, jsem byl ji\u017e jako mlad\u00fd perzekuov\u00e1n komunistick\u00fdm [&hellip;]<\/p>\n","protected":false},"author":1,"featured_media":0,"parent":0,"menu_order":0,"comment_status":"closed","ping_status":"closed","template":"tpl-default-elementor.php","meta":{"om_disable_all_campaigns":false,"_monsterinsights_skip_tracking":false,"_monsterinsights_sitenote_active":false,"_monsterinsights_sitenote_note":"","_monsterinsights_sitenote_category":0,"footnotes":""},"class_list":["post-1289","page","type-page","status-publish","hentry"],"aioseo_notices":[],"_links":{"self":[{"href":"https:\/\/www.czbsfm.cz\/index.php?rest_route=\/wp\/v2\/pages\/1289","targetHints":{"allow":["GET"]}}],"collection":[{"href":"https:\/\/www.czbsfm.cz\/index.php?rest_route=\/wp\/v2\/pages"}],"about":[{"href":"https:\/\/www.czbsfm.cz\/index.php?rest_route=\/wp\/v2\/types\/page"}],"author":[{"embeddable":true,"href":"https:\/\/www.czbsfm.cz\/index.php?rest_route=\/wp\/v2\/users\/1"}],"replies":[{"embeddable":true,"href":"https:\/\/www.czbsfm.cz\/index.php?rest_route=%2Fwp%2Fv2%2Fcomments&post=1289"}],"version-history":[{"count":84,"href":"https:\/\/www.czbsfm.cz\/index.php?rest_route=\/wp\/v2\/pages\/1289\/revisions"}],"predecessor-version":[{"id":5057,"href":"https:\/\/www.czbsfm.cz\/index.php?rest_route=\/wp\/v2\/pages\/1289\/revisions\/5057"}],"wp:attachment":[{"href":"https:\/\/www.czbsfm.cz\/index.php?rest_route=%2Fwp%2Fv2%2Fmedia&parent=1289"}],"curies":[{"name":"wp","href":"https:\/\/api.w.org\/{rel}","templated":true}]}}